{"id":27209,"date":"2026-03-17T11:27:25","date_gmt":"2026-03-17T10:27:25","guid":{"rendered":"https:\/\/vebiot.pl\/?post_type=product&#038;p=27209"},"modified":"2026-03-23T11:39:36","modified_gmt":"2026-03-23T10:39:36","slug":"asu-flex-advanced-preparat-na-stawy-dla-psow-duzych-ras","status":"publish","type":"product","link":"https:\/\/vebiot.pl\/en\/sklep\/asu-flex-advanced-preparat-na-stawy-dla-psow-duzych-ras\/","title":{"rendered":"ASU-flex\u00ae ADVANCED &#8211; preparat na stawy dla ps\u00f3w du\u017cych ras"},"content":{"rendered":"<p><img fetchpriority=\"high\" decoding=\"async\" class=\"img-product-desktop alignnone size-full wp-image-27331\" src=\"https:\/\/vebiot.pl\/wp-content\/uploads\/2026\/03\/asu-flex-desktop_1.jpg\" alt=\"ASU-flex na stawy dla du\u017cych ps\u00f3w\" width=\"2560\" height=\"920\" srcset=\"https:\/\/vebiot.pl\/wp-content\/uploads\/2026\/03\/asu-flex-desktop_1.jpg 2560w, https:\/\/vebiot.pl\/wp-content\/uploads\/2026\/03\/asu-flex-desktop_1-300x108.jpg 300w, https:\/\/vebiot.pl\/wp-content\/uploads\/2026\/03\/asu-flex-desktop_1-1024x368.jpg 1024w, https:\/\/vebiot.pl\/wp-content\/uploads\/2026\/03\/asu-flex-desktop_1-768x276.jpg 768w, https:\/\/vebiot.pl\/wp-content\/uploads\/2026\/03\/asu-flex-desktop_1-1536x552.jpg 1536w, https:\/\/vebiot.pl\/wp-content\/uploads\/2026\/03\/asu-flex-desktop_1-2048x736.jpg 2048w, https:\/\/vebiot.pl\/wp-content\/uploads\/2026\/03\/asu-flex-desktop_1-18x6.jpg 18w, https:\/\/vebiot.pl\/wp-content\/uploads\/2026\/03\/asu-flex-desktop_1-800x288.jpg 800w\" sizes=\"(max-width: 2560px) 100vw, 2560px\" \/><br \/>\n<img decoding=\"async\" class=\"img-product-mobile alignnone size-full wp-image-27335\" src=\"https:\/\/vebiot.pl\/wp-content\/uploads\/2026\/03\/asu-flex-mobile_1.jpg\" alt=\"ASU-flex na stawy dla du\u017cych ps\u00f3w\" width=\"720\" height=\"1451\" srcset=\"https:\/\/vebiot.pl\/wp-content\/uploads\/2026\/03\/asu-flex-mobile_1.jpg 720w, https:\/\/vebiot.pl\/wp-content\/uploads\/2026\/03\/asu-flex-mobile_1-149x300.jpg 149w, https:\/\/vebiot.pl\/wp-content\/uploads\/2026\/03\/asu-flex-mobile_1-508x1024.jpg 508w, https:\/\/vebiot.pl\/wp-content\/uploads\/2026\/03\/asu-flex-mobile_1-6x12.jpg 6w\" sizes=\"(max-width: 720px) 100vw, 720px\" \/><\/p>\n<h2>Dlaczego du\u017ce psy cz\u0119\u015bciej maj\u0105 problemy ze stawami?<\/h2>\n<p>Psy du\u017cych i olbrzymich ras rosn\u0105 bardzo szybko i osi\u0105gaj\u0105 du\u017c\u0105 mas\u0119 cia\u0142a. To sprawia, \u017ce ich stawy s\u0105 codziennie nara\u017cone na znaczne obci\u0105\u017cenia.<\/p>\n<p>Z czasem mo\u017ce dochodzi\u0107 do:<\/p>\n<ul>\n<li>mikrouszkodze\u0144 i ubytk\u00f3w chrz\u0105stki stawowej,<\/li>\n<li>zmniejszenia ilo\u015bci mazi stawowej,<\/li>\n<li>ograniczenia ruchomo\u015bci staw\u00f3w.<\/li>\n<\/ul>\n<p>Badania wskazuj\u0105, \u017ce <strong>choroba zwyrodnieniowa staw\u00f3w (osteoarthritis) mo\u017ce dotyczy\u0107 nawet 80% ps\u00f3w powy\u017cej 8 roku \u017cycia<\/strong>.<\/p>\n<p>Dlatego wsparcie staw\u00f3w warto rozpocz\u0105\u0107 <strong>zanim pojawi\u0105 si\u0119 pierwsze objawy problem\u00f3w z ruchem<\/strong>.<br \/>\n<img decoding=\"async\" class=\"img-product-desktop alignnone size-full wp-image-27332\" src=\"https:\/\/vebiot.pl\/wp-content\/uploads\/2026\/03\/asu-flex-desktop_2.jpg\" alt=\"ASU-flex zaawansowana formu\u0142a z ASU\" width=\"2560\" height=\"860\" srcset=\"https:\/\/vebiot.pl\/wp-content\/uploads\/2026\/03\/asu-flex-desktop_2.jpg 2560w, https:\/\/vebiot.pl\/wp-content\/uploads\/2026\/03\/asu-flex-desktop_2-300x101.jpg 300w, https:\/\/vebiot.pl\/wp-content\/uploads\/2026\/03\/asu-flex-desktop_2-1024x344.jpg 1024w, https:\/\/vebiot.pl\/wp-content\/uploads\/2026\/03\/asu-flex-desktop_2-768x258.jpg 768w, https:\/\/vebiot.pl\/wp-content\/uploads\/2026\/03\/asu-flex-desktop_2-1536x516.jpg 1536w, https:\/\/vebiot.pl\/wp-content\/uploads\/2026\/03\/asu-flex-desktop_2-2048x688.jpg 2048w, https:\/\/vebiot.pl\/wp-content\/uploads\/2026\/03\/asu-flex-desktop_2-18x6.jpg 18w, https:\/\/vebiot.pl\/wp-content\/uploads\/2026\/03\/asu-flex-desktop_2-800x269.jpg 800w\" sizes=\"(max-width: 2560px) 100vw, 2560px\" \/><br \/>\n<img loading=\"lazy\" decoding=\"async\" class=\"img-product-mobile alignnone size-full wp-image-27336\" src=\"https:\/\/vebiot.pl\/wp-content\/uploads\/2026\/03\/asu-flex-mobile_2.jpg\" alt=\"ASU-flex zaawansowana formu\u0142a z ASU\" width=\"720\" height=\"1188\" srcset=\"https:\/\/vebiot.pl\/wp-content\/uploads\/2026\/03\/asu-flex-mobile_2.jpg 720w, https:\/\/vebiot.pl\/wp-content\/uploads\/2026\/03\/asu-flex-mobile_2-182x300.jpg 182w, https:\/\/vebiot.pl\/wp-content\/uploads\/2026\/03\/asu-flex-mobile_2-621x1024.jpg 621w, https:\/\/vebiot.pl\/wp-content\/uploads\/2026\/03\/asu-flex-mobile_2-7x12.jpg 7w\" sizes=\"(max-width: 720px) 100vw, 720px\" \/><\/p>\n<h2>ASU &#8211; sk\u0142adnik nowej generacji wspieraj\u0105cy stawy psa<\/h2>\n<p>W sk\u0142adzie <strong>ASU-flex\u00ae<\/strong> <strong>ADVANCED<\/strong> znajdziesz co\u015b wi\u0119cej ni\u017c standardowe sk\u0142adniki. Sercem formu\u0142y jest ASU (Avocado Soybean Unsaponifiables) &#8211; <strong>niezmydlaj\u0105ce si\u0119 frakcje olej\u00f3w z awokado i nasion soi<\/strong>, kt\u00f3re wspieraj\u0105 fizjologiczne funkcjonowanie staw\u00f3w.<\/p>\n<p>Badania* wskazuj\u0105, \u017ce ASU mo\u017ce:<\/p>\n<ul>\n<li>wspiera\u0107 metabolizm chrz\u0105stki stawowej<\/li>\n<li>wspiera\u0107 produkcj\u0119 proteoglikan\u00f3w (makrocz\u0105steczek macierzy chrz\u0105stki stawowej)<\/li>\n<li>wspiera\u0107 syntez\u0119 kolagenu typu II<\/li>\n<li>wspiera\u0107 ograniczanie degradacji chrz\u0105stki<\/li>\n<li>wp\u0142ywa\u0107 na zmniejszenie wytwarzania substancji prozapalnych<\/li>\n<li>wp\u0142ywa\u0107 na popraw\u0119 komfortu \u017cycia ps\u00f3w z dolegliwo\u015bciami b\u00f3lowymi<\/li>\n<\/ul>\n<p>Dzi\u0119ki temu sk\u0142adnik ten pomaga utrzyma\u0107 <strong>elastyczno\u015b\u0107 i wytrzyma\u0142o\u015b\u0107 chrz\u0105stki stawowej u ps\u00f3w<\/strong>.<\/p>\n<h2>Co zawiera ASU-flex\u00ae ADVANCED?<\/h2>\n<p><strong>ASU-flex\u00ae<\/strong> <strong>ADVANCED<\/strong> to prze\u0142omowa formu\u0142a <strong>7 sk\u0142adnik\u00f3w wspieraj\u0105cych stawy u psa:<\/strong><\/p>\n<ul>\n<li><strong>ASU (niezmydlaj\u0105ce si\u0119 frakcje olej\u00f3w z awokado i soi) &#8211; <\/strong>zapewnia ochron\u0119 chrz\u0105stki, wsparcie proces\u00f3w budulcowych oraz wsparcie przy spowalnianiu proces\u00f3w jej degradacji<\/li>\n<li><strong>Kolagen natywny typu II <\/strong>&#8211; stanowi\u0105cy do 96% kolagenu tkanki chrz\u0119stnej<\/li>\n<li><strong>Glukozamina<\/strong> &#8211; w formie krystalicznej o 3,5 x wy\u017cszej wch\u0142anialno\u015bci, sk\u0142adnik budulcowy tkanki chrz\u0119stnej<\/li>\n<li><strong>Chondroityna<\/strong> &#8211; wspiera ruchomo\u015b\u0107 staw\u00f3w i zwi\u0119kszenie g\u0119sto\u015bci chrz\u0105stki<\/li>\n<li><strong>Kwas hialuronowy<\/strong> &#8211; sk\u0142adnik mazi stawowej, zmniejsza si\u0142y tarcia, wspiera p\u0142ynno\u015b\u0107 ruchu<\/li>\n<li><strong>Hydrolizat kolagenu typu II <\/strong>&#8211; funkcje budulcowe<\/li>\n<li><strong>Witamina E<\/strong> &#8211; silny antyoksydant wspieraj\u0105cy ochron\u0119 kom\u00f3rek stawowych.<\/li>\n<\/ul>\n<h2>Dla jakich ps\u00f3w przeznaczony jest ASU-flex\u00ae ADVANCED?<\/h2>\n<p>ASU-flex\u00ae ADVANCED b\u0119dzie dobrym wyborem, je\u015bli Tw\u00f3j pies:<\/p>\n<ul>\n<li>nale\u017cy do <strong>ras du\u017cych lub olbrzymich<\/strong><\/li>\n<li>wa\u017cy <strong>powy\u017cej 30 kg<\/strong><\/li>\n<li>jest <strong>aktywnym psem lub psem sportowym<\/strong><\/li>\n<li>jako szczeniak <strong>szybko r\u00f3s\u0142<\/strong><\/li>\n<li>jest <strong>seniorem<\/strong><\/li>\n<li>ma <strong>predyspozycje do problem\u00f3w ze stawami<\/strong><\/li>\n<li>ma tendencj\u0119<strong> do nadwagi<\/strong><\/li>\n<\/ul>\n<p>Preparat mo\u017ce by\u0107 stosowany zar\u00f3wno <strong>profilaktycznie<\/strong>, jak i <strong>u ps\u00f3w z istniej\u0105cymi problemami stawowymi<\/strong>.<\/p>\n<h2>Dlaczego warto wybra\u0107 ASU-flex\u00ae ADVANCED dla Twojego psa?<\/h2>\n<p style=\"margin: 0 0 1em 2em;\">\u2714 formu\u0142a z kluczowym sk\u0142adnikiem ASU, opracowana specjalnie dla <strong>ps\u00f3w du\u017cych ras<\/strong><br \/>\n\u2714 <strong>kompleksowe wsparcie staw\u00f3w<\/strong> u ps\u00f3w (ochrona, regeneracja, zwi\u0119kszenie komfortu)<br \/>\n\u2714\u00a0 tylko <strong>1 kapsu\u0142ka dziennie<\/strong> dla ps\u00f3w \u2265 30 kg<br \/>\n\u2714\u00a0 kapsu\u0142ka <strong>easy-caps<\/strong> &#8211; <strong>\u0142atwe podanie<\/strong><br \/>\n\u2714 opakowanie wystarcza <strong>na 60 dni suplementacji<\/strong><\/p>\n<p><img loading=\"lazy\" decoding=\"async\" class=\"img-product-desktop alignnone size-full wp-image-27334\" src=\"https:\/\/vebiot.pl\/wp-content\/uploads\/2026\/03\/asu-flex-desktop_3.jpg\" alt=\"ASU-flex kapsu\u0142ka easy-caps\" width=\"2560\" height=\"600\" srcset=\"https:\/\/vebiot.pl\/wp-content\/uploads\/2026\/03\/asu-flex-desktop_3.jpg 2560w, https:\/\/vebiot.pl\/wp-content\/uploads\/2026\/03\/asu-flex-desktop_3-300x70.jpg 300w, https:\/\/vebiot.pl\/wp-content\/uploads\/2026\/03\/asu-flex-desktop_3-1024x240.jpg 1024w, https:\/\/vebiot.pl\/wp-content\/uploads\/2026\/03\/asu-flex-desktop_3-768x180.jpg 768w, https:\/\/vebiot.pl\/wp-content\/uploads\/2026\/03\/asu-flex-desktop_3-1536x360.jpg 1536w, https:\/\/vebiot.pl\/wp-content\/uploads\/2026\/03\/asu-flex-desktop_3-2048x480.jpg 2048w, https:\/\/vebiot.pl\/wp-content\/uploads\/2026\/03\/asu-flex-desktop_3-18x4.jpg 18w, https:\/\/vebiot.pl\/wp-content\/uploads\/2026\/03\/asu-flex-desktop_3-800x188.jpg 800w\" sizes=\"(max-width: 2560px) 100vw, 2560px\" \/><br \/>\n<img loading=\"lazy\" decoding=\"async\" class=\"img-product-mobile alignnone size-full wp-image-27337\" src=\"https:\/\/vebiot.pl\/wp-content\/uploads\/2026\/03\/asu-flex-mobile_3.jpg\" alt=\"ASU-flex kapsu\u0142ka easy-caps\" width=\"720\" height=\"959\" srcset=\"https:\/\/vebiot.pl\/wp-content\/uploads\/2026\/03\/asu-flex-mobile_3.jpg 720w, https:\/\/vebiot.pl\/wp-content\/uploads\/2026\/03\/asu-flex-mobile_3-225x300.jpg 225w, https:\/\/vebiot.pl\/wp-content\/uploads\/2026\/03\/asu-flex-mobile_3-9x12.jpg 9w\" sizes=\"(max-width: 720px) 100vw, 720px\" \/><\/p>\n<h2><strong>Jak stosowa\u0107 preparat na stawy dla psa ASU-flex\u00ae ADVANCED?<\/strong><\/h2>\n<p><strong>Rekomendowana dzienna porcja:<\/strong><\/p>\n<p>pies \u226530 kg &#8211; <strong>1 kapsu\u0142ka dziennie<\/strong><\/p>\n<p><strong>Rekomendowana forma podania<\/strong>:<\/p>\n<p>Podaj zwierz\u0119ciu kapsu\u0142k\u0119 w ca\u0142o\u015bci, bezpo\u015brednio do pyska lub ukryt\u0105 np. w smako\u0142yku. Mo\u017cesz otworzy\u0107 kapsu\u0142k\u0119 i jej zawarto\u015b\u0107 wymiesza\u0107 z ulubion\u0105 karm\u0105, a pust\u0105 otoczk\u0119 wyrzuci\u0107.<\/p>\n<p>Produkt bezpieczny do d\u0142ugotrwa\u0142ego stosowania.<\/p>\n<p>Opakowanie zawiera <strong>60 kapsu\u0142ek<\/strong>, co przy du\u017cym psie wystarcza a\u017c na\u00a0<strong>2 miesi\u0105ce stosowania.<\/strong><br \/>\n<img loading=\"lazy\" decoding=\"async\" class=\"img-product-desktop alignnone size-full wp-image-27333\" src=\"https:\/\/vebiot.pl\/wp-content\/uploads\/2026\/03\/asu-flexdesktop_4.jpg\" alt=\"ASU-flex - tylko 1 kapsu\u0142ka dziennie\" width=\"2560\" height=\"644\" srcset=\"https:\/\/vebiot.pl\/wp-content\/uploads\/2026\/03\/asu-flexdesktop_4.jpg 2560w, https:\/\/vebiot.pl\/wp-content\/uploads\/2026\/03\/asu-flexdesktop_4-300x75.jpg 300w, https:\/\/vebiot.pl\/wp-content\/uploads\/2026\/03\/asu-flexdesktop_4-1024x258.jpg 1024w, https:\/\/vebiot.pl\/wp-content\/uploads\/2026\/03\/asu-flexdesktop_4-768x193.jpg 768w, https:\/\/vebiot.pl\/wp-content\/uploads\/2026\/03\/asu-flexdesktop_4-1536x386.jpg 1536w, https:\/\/vebiot.pl\/wp-content\/uploads\/2026\/03\/asu-flexdesktop_4-2048x515.jpg 2048w, https:\/\/vebiot.pl\/wp-content\/uploads\/2026\/03\/asu-flexdesktop_4-18x5.jpg 18w, https:\/\/vebiot.pl\/wp-content\/uploads\/2026\/03\/asu-flexdesktop_4-800x201.jpg 800w\" sizes=\"(max-width: 2560px) 100vw, 2560px\" \/><br \/>\n<img loading=\"lazy\" decoding=\"async\" class=\"img-product-mobile alignnone size-full wp-image-27338\" src=\"https:\/\/vebiot.pl\/wp-content\/uploads\/2026\/03\/asu-flex-mobile_4.jpg\" alt=\"\" width=\"720\" height=\"839\" srcset=\"https:\/\/vebiot.pl\/wp-content\/uploads\/2026\/03\/asu-flex-mobile_4.jpg 720w, https:\/\/vebiot.pl\/wp-content\/uploads\/2026\/03\/asu-flex-mobile_4-257x300.jpg 257w, https:\/\/vebiot.pl\/wp-content\/uploads\/2026\/03\/asu-flex-mobile_4-10x12.jpg 10w\" sizes=\"(max-width: 720px) 100vw, 720px\" \/><\/p>\n<h2>Sk\u0142ad ASU-flex\u00ae ADVANCED<\/h2>\n<p><strong>Sk\u0142ad:<\/strong>\u00a0glukozamina, ekstrakt oleju z owoc\u00f3w awokado i nasion soi, siarczan chondroityny, kolagen drobiowy, hialuronian sodu, witamina E<\/p>\n<h2>Zadbaj o zdrowe stawy swojego psa<\/h2>\n<p>Wspieraj mobilno\u015b\u0107 i komfort ruchu swojego psa ka\u017cdego dnia<\/p>\n<p><strong>\u00a0<\/strong><\/p>\n<p>* <em>Johnston, S. A. Osteoarthritis \u2013 joint anatomy, physiology, and pathobiology. Veterinary Clinics of North America-Small Animal Practice 27, 699\u2013723 (1997).<\/em><\/p>","protected":false},"excerpt":{"rendered":"<p><strong>ASU-flex\u00ae<\/strong> <strong>ADVANCED <\/strong>to <strong>preparat na stawy dla ps\u00f3w du\u017cych ras<\/strong>, o masie cia\u0142a powy\u017cej <strong>30 kg,<\/strong> kt\u00f3rych stawy ka\u017cdego dnia s\u0105 nara\u017cone na bardzo du\u017ce obci\u0105\u017cenia.<\/p>\n<p>Zawiera <strong>7 sk\u0142adnik\u00f3w aktywnych<\/strong>, w tym <strong>ASU (niezmydlaj\u0105ce si\u0119 frakcje olej\u00f3w z awokado i soi)<\/strong>, kolagen natywny typu II, glukozamin\u0119 w formie krystalicznej, chondroityn\u0119 oraz kwas hialuronowy &#8211; czyli sk\u0142adniki wspieraj\u0105ce <strong>chrz\u0105stk\u0119 stawow\u0105, mobilno\u015b\u0107 i komfort ruchu psa<\/strong>.<\/p>\n<p><strong>ASU-flex\u00ae<\/strong> <strong>ADVANCED<\/strong> wspiera fizjologiczne procesy odbudowy struktur stawowych oraz pomaga spowolni\u0107 procesy degradacji chrz\u0105stki.<\/p>","protected":false},"featured_media":27212,"comment_status":"open","ping_status":"closed","template":"","meta":{"inline_featured_image":false},"product_cat":[80],"product_tag":[],"class_list":{"0":"post-27209","1":"product","2":"type-product","3":"status-publish","4":"has-post-thumbnail","6":"product_brand-vebiot","7":"product_cat-pies","9":"first","10":"instock","11":"shipping-taxable","12":"purchasable","13":"product-type-simple"},"yoast_head":"<!-- This site is optimized with the Yoast SEO plugin v26.4 - https:\/\/yoast.com\/wordpress\/plugins\/seo\/ -->\n<title>ASU-flex\u00ae ADVANCED - preparat na stawy dla ps\u00f3w du\u017cych ras - Vebiot - zadbaj o zdrowie swojego pupila<\/title>\n<meta name=\"robots\" content=\"index, follow, max-snippet:-1, max-image-preview:large, max-video-preview:-1\" \/>\n<link rel=\"canonical\" href=\"https:\/\/vebiot.pl\/en\/sklep\/asu-flex-advanced-preparat-na-stawy-dla-psow-duzych-ras\/\" \/>\n<meta property=\"og:locale\" content=\"en_GB\" \/>\n<meta property=\"og:type\" content=\"article\" \/>\n<meta property=\"og:title\" content=\"ASU-flex\u00ae ADVANCED - preparat na stawy dla ps\u00f3w du\u017cych ras - Vebiot - zadbaj o zdrowie swojego pupila\" \/>\n<meta property=\"og:description\" content=\"ASU-flex\u00ae ADVANCED to preparat na stawy dla ps\u00f3w du\u017cych ras, o masie cia\u0142a powy\u017cej 30 kg, kt\u00f3rych stawy ka\u017cdego dnia s\u0105 nara\u017cone na bardzo du\u017ce obci\u0105\u017cenia.  Zawiera 7 sk\u0142adnik\u00f3w aktywnych, w tym ASU (niezmydlaj\u0105ce si\u0119 frakcje olej\u00f3w z awokado i soi), kolagen natywny typu II, glukozamin\u0119 w formie krystalicznej, chondroityn\u0119 oraz kwas hialuronowy - czyli sk\u0142adniki wspieraj\u0105ce chrz\u0105stk\u0119 stawow\u0105, mobilno\u015b\u0107 i komfort ruchu psa.  ASU-flex\u00ae ADVANCED wspiera fizjologiczne procesy odbudowy struktur stawowych oraz pomaga spowolni\u0107 procesy degradacji chrz\u0105stki.\" \/>\n<meta property=\"og:url\" content=\"https:\/\/vebiot.pl\/en\/sklep\/asu-flex-advanced-preparat-na-stawy-dla-psow-duzych-ras\/\" \/>\n<meta property=\"og:site_name\" content=\"Vebiot - zadbaj o zdrowie swojego pupila\" \/>\n<meta property=\"article:publisher\" content=\"https:\/\/www.facebook.com\/vebiot\" \/>\n<meta property=\"article:modified_time\" content=\"2026-03-23T10:39:36+00:00\" \/>\n<meta property=\"og:image\" content=\"https:\/\/vebiot.pl\/wp-content\/uploads\/2026\/03\/ASU-flex_kartonik_60caps_0001_0001a.png\" \/>\n\t<meta property=\"og:image:width\" content=\"2000\" \/>\n\t<meta property=\"og:image:height\" content=\"2000\" \/>\n\t<meta property=\"og:image:type\" content=\"image\/png\" \/>\n<meta name=\"twitter:card\" content=\"summary_large_image\" \/>\n<meta name=\"twitter:label1\" content=\"Estimated reading time\" \/>\n\t<meta name=\"twitter:data1\" content=\"5 minutes\" \/>\n<script type=\"application\/ld+json\" class=\"yoast-schema-graph\">{\"@context\":\"https:\/\/schema.org\",\"@graph\":[{\"@type\":\"WebPage\",\"@id\":\"https:\/\/vebiot.pl\/sklep\/asu-flex-advanced-preparat-na-stawy-dla-psow-duzych-ras\/\",\"url\":\"https:\/\/vebiot.pl\/sklep\/asu-flex-advanced-preparat-na-stawy-dla-psow-duzych-ras\/\",\"name\":\"ASU-flex\u00ae ADVANCED - preparat na stawy dla ps\u00f3w du\u017cych ras - Vebiot - zadbaj o zdrowie swojego pupila\",\"isPartOf\":{\"@id\":\"https:\/\/vebiot.pl\/#website\"},\"primaryImageOfPage\":{\"@id\":\"https:\/\/vebiot.pl\/sklep\/asu-flex-advanced-preparat-na-stawy-dla-psow-duzych-ras\/#primaryimage\"},\"image\":{\"@id\":\"https:\/\/vebiot.pl\/sklep\/asu-flex-advanced-preparat-na-stawy-dla-psow-duzych-ras\/#primaryimage\"},\"thumbnailUrl\":\"https:\/\/vebiot.pl\/wp-content\/uploads\/2026\/03\/ASU-flex_kartonik_60caps_0001_0001a.png\",\"datePublished\":\"2026-03-17T10:27:25+00:00\",\"dateModified\":\"2026-03-23T10:39:36+00:00\",\"breadcrumb\":{\"@id\":\"https:\/\/vebiot.pl\/sklep\/asu-flex-advanced-preparat-na-stawy-dla-psow-duzych-ras\/#breadcrumb\"},\"inLanguage\":\"en-GB\",\"potentialAction\":[{\"@type\":\"ReadAction\",\"target\":[\"https:\/\/vebiot.pl\/sklep\/asu-flex-advanced-preparat-na-stawy-dla-psow-duzych-ras\/\"]}]},{\"@type\":\"ImageObject\",\"inLanguage\":\"en-GB\",\"@id\":\"https:\/\/vebiot.pl\/sklep\/asu-flex-advanced-preparat-na-stawy-dla-psow-duzych-ras\/#primaryimage\",\"url\":\"https:\/\/vebiot.pl\/wp-content\/uploads\/2026\/03\/ASU-flex_kartonik_60caps_0001_0001a.png\",\"contentUrl\":\"https:\/\/vebiot.pl\/wp-content\/uploads\/2026\/03\/ASU-flex_kartonik_60caps_0001_0001a.png\",\"width\":2000,\"height\":2000,\"caption\":\"ASU-flex - opakowanie 60 kapsu\u0142ek\"},{\"@type\":\"BreadcrumbList\",\"@id\":\"https:\/\/vebiot.pl\/sklep\/asu-flex-advanced-preparat-na-stawy-dla-psow-duzych-ras\/#breadcrumb\",\"itemListElement\":[{\"@type\":\"ListItem\",\"position\":1,\"name\":\"Home\",\"item\":\"https:\/\/vebiot.pl\/\"},{\"@type\":\"ListItem\",\"position\":2,\"name\":\"Sklep\",\"item\":\"https:\/\/vebiot.pl\/sklep\/\"},{\"@type\":\"ListItem\",\"position\":3,\"name\":\"ASU-flex\u00ae ADVANCED &#8211; preparat na stawy dla ps\u00f3w du\u017cych ras\"}]},{\"@type\":\"WebSite\",\"@id\":\"https:\/\/vebiot.pl\/#website\",\"url\":\"https:\/\/vebiot.pl\/\",\"name\":\"Vebiot - zadbaj o zdrowie swojego pupila\",\"description\":\"Marka Vebiot nale\u017c\u0105ca do grupy Olimp-Nutrifarm to specjalistyczna linia preparat\u00f3w weterynaryjnych.  Produkty Vebiot wspieraj\u0105 zdrowie Twojego pupila na ka\u017cdym etapie jego rozwoju.\",\"publisher\":{\"@id\":\"https:\/\/vebiot.pl\/#organization\"},\"potentialAction\":[{\"@type\":\"SearchAction\",\"target\":{\"@type\":\"EntryPoint\",\"urlTemplate\":\"https:\/\/vebiot.pl\/?s={search_term_string}\"},\"query-input\":{\"@type\":\"PropertyValueSpecification\",\"valueRequired\":true,\"valueName\":\"search_term_string\"}}],\"inLanguage\":\"en-GB\"},{\"@type\":\"Organization\",\"@id\":\"https:\/\/vebiot.pl\/#organization\",\"name\":\"Vebiot - zadbaj o zdrowie swojego pupila\",\"url\":\"https:\/\/vebiot.pl\/\",\"logo\":{\"@type\":\"ImageObject\",\"inLanguage\":\"en-GB\",\"@id\":\"https:\/\/vebiot.pl\/#\/schema\/logo\/image\/\",\"url\":\"https:\/\/vebiot.pl\/wp-content\/uploads\/2023\/05\/logo_vebiot_niebieskie.png\",\"contentUrl\":\"https:\/\/vebiot.pl\/wp-content\/uploads\/2023\/05\/logo_vebiot_niebieskie.png\",\"width\":479,\"height\":110,\"caption\":\"Vebiot - zadbaj o zdrowie swojego pupila\"},\"image\":{\"@id\":\"https:\/\/vebiot.pl\/#\/schema\/logo\/image\/\"},\"sameAs\":[\"https:\/\/www.facebook.com\/vebiot\",\"https:\/\/www.instagram.com\/vebiot_official\/\",\"https:\/\/www.youtube.com\/channel\/UCBVg1YsHz8NGtchHnOqXDfw\",\"https:\/\/www.tiktok.com\/@vebiot\"]}]}<\/script>\n<!-- \/ Yoast SEO plugin. -->","yoast_head_json":{"title":"ASU-flex\u00ae ADVANCED - preparat na stawy dla ps\u00f3w du\u017cych ras - Vebiot - zadbaj o zdrowie swojego pupila","robots":{"index":"index","follow":"follow","max-snippet":"max-snippet:-1","max-image-preview":"max-image-preview:large","max-video-preview":"max-video-preview:-1"},"canonical":"https:\/\/vebiot.pl\/en\/sklep\/asu-flex-advanced-preparat-na-stawy-dla-psow-duzych-ras\/","og_locale":"en_GB","og_type":"article","og_title":"ASU-flex\u00ae ADVANCED - preparat na stawy dla ps\u00f3w du\u017cych ras - Vebiot - zadbaj o zdrowie swojego pupila","og_description":"ASU-flex\u00ae ADVANCED to preparat na stawy dla ps\u00f3w du\u017cych ras, o masie cia\u0142a powy\u017cej 30 kg, kt\u00f3rych stawy ka\u017cdego dnia s\u0105 nara\u017cone na bardzo du\u017ce obci\u0105\u017cenia.  Zawiera 7 sk\u0142adnik\u00f3w aktywnych, w tym ASU (niezmydlaj\u0105ce si\u0119 frakcje olej\u00f3w z awokado i soi), kolagen natywny typu II, glukozamin\u0119 w formie krystalicznej, chondroityn\u0119 oraz kwas hialuronowy - czyli sk\u0142adniki wspieraj\u0105ce chrz\u0105stk\u0119 stawow\u0105, mobilno\u015b\u0107 i komfort ruchu psa.  ASU-flex\u00ae ADVANCED wspiera fizjologiczne procesy odbudowy struktur stawowych oraz pomaga spowolni\u0107 procesy degradacji chrz\u0105stki.","og_url":"https:\/\/vebiot.pl\/en\/sklep\/asu-flex-advanced-preparat-na-stawy-dla-psow-duzych-ras\/","og_site_name":"Vebiot - zadbaj o zdrowie swojego pupila","article_publisher":"https:\/\/www.facebook.com\/vebiot","article_modified_time":"2026-03-23T10:39:36+00:00","og_image":[{"width":2000,"height":2000,"url":"https:\/\/vebiot.pl\/wp-content\/uploads\/2026\/03\/ASU-flex_kartonik_60caps_0001_0001a.png","type":"image\/png"}],"twitter_card":"summary_large_image","twitter_misc":{"Estimated reading time":"5 minutes"},"schema":{"@context":"https:\/\/schema.org","@graph":[{"@type":"WebPage","@id":"https:\/\/vebiot.pl\/sklep\/asu-flex-advanced-preparat-na-stawy-dla-psow-duzych-ras\/","url":"https:\/\/vebiot.pl\/sklep\/asu-flex-advanced-preparat-na-stawy-dla-psow-duzych-ras\/","name":"ASU-flex\u00ae ADVANCED - preparat na stawy dla ps\u00f3w du\u017cych ras - Vebiot - zadbaj o zdrowie swojego pupila","isPartOf":{"@id":"https:\/\/vebiot.pl\/#website"},"primaryImageOfPage":{"@id":"https:\/\/vebiot.pl\/sklep\/asu-flex-advanced-preparat-na-stawy-dla-psow-duzych-ras\/#primaryimage"},"image":{"@id":"https:\/\/vebiot.pl\/sklep\/asu-flex-advanced-preparat-na-stawy-dla-psow-duzych-ras\/#primaryimage"},"thumbnailUrl":"https:\/\/vebiot.pl\/wp-content\/uploads\/2026\/03\/ASU-flex_kartonik_60caps_0001_0001a.png","datePublished":"2026-03-17T10:27:25+00:00","dateModified":"2026-03-23T10:39:36+00:00","breadcrumb":{"@id":"https:\/\/vebiot.pl\/sklep\/asu-flex-advanced-preparat-na-stawy-dla-psow-duzych-ras\/#breadcrumb"},"inLanguage":"en-GB","potentialAction":[{"@type":"ReadAction","target":["https:\/\/vebiot.pl\/sklep\/asu-flex-advanced-preparat-na-stawy-dla-psow-duzych-ras\/"]}]},{"@type":"ImageObject","inLanguage":"en-GB","@id":"https:\/\/vebiot.pl\/sklep\/asu-flex-advanced-preparat-na-stawy-dla-psow-duzych-ras\/#primaryimage","url":"https:\/\/vebiot.pl\/wp-content\/uploads\/2026\/03\/ASU-flex_kartonik_60caps_0001_0001a.png","contentUrl":"https:\/\/vebiot.pl\/wp-content\/uploads\/2026\/03\/ASU-flex_kartonik_60caps_0001_0001a.png","width":2000,"height":2000,"caption":"ASU-flex - opakowanie 60 kapsu\u0142ek"},{"@type":"BreadcrumbList","@id":"https:\/\/vebiot.pl\/sklep\/asu-flex-advanced-preparat-na-stawy-dla-psow-duzych-ras\/#breadcrumb","itemListElement":[{"@type":"ListItem","position":1,"name":"Home","item":"https:\/\/vebiot.pl\/"},{"@type":"ListItem","position":2,"name":"Sklep","item":"https:\/\/vebiot.pl\/sklep\/"},{"@type":"ListItem","position":3,"name":"ASU-flex\u00ae ADVANCED &#8211; preparat na stawy dla ps\u00f3w du\u017cych ras"}]},{"@type":"WebSite","@id":"https:\/\/vebiot.pl\/#website","url":"https:\/\/vebiot.pl\/","name":"Vebiot - zadbaj o zdrowie swojego pupila","description":"Marka Vebiot nale\u017c\u0105ca do grupy Olimp-Nutrifarm to specjalistyczna linia preparat\u00f3w weterynaryjnych.  Produkty Vebiot wspieraj\u0105 zdrowie Twojego pupila na ka\u017cdym etapie jego rozwoju.","publisher":{"@id":"https:\/\/vebiot.pl\/#organization"},"potentialAction":[{"@type":"SearchAction","target":{"@type":"EntryPoint","urlTemplate":"https:\/\/vebiot.pl\/?s={search_term_string}"},"query-input":{"@type":"PropertyValueSpecification","valueRequired":true,"valueName":"search_term_string"}}],"inLanguage":"en-GB"},{"@type":"Organization","@id":"https:\/\/vebiot.pl\/#organization","name":"Vebiot - zadbaj o zdrowie swojego pupila","url":"https:\/\/vebiot.pl\/","logo":{"@type":"ImageObject","inLanguage":"en-GB","@id":"https:\/\/vebiot.pl\/#\/schema\/logo\/image\/","url":"https:\/\/vebiot.pl\/wp-content\/uploads\/2023\/05\/logo_vebiot_niebieskie.png","contentUrl":"https:\/\/vebiot.pl\/wp-content\/uploads\/2023\/05\/logo_vebiot_niebieskie.png","width":479,"height":110,"caption":"Vebiot - zadbaj o zdrowie swojego pupila"},"image":{"@id":"https:\/\/vebiot.pl\/#\/schema\/logo\/image\/"},"sameAs":["https:\/\/www.facebook.com\/vebiot","https:\/\/www.instagram.com\/vebiot_official\/","https:\/\/www.youtube.com\/channel\/UCBVg1YsHz8NGtchHnOqXDfw","https:\/\/www.tiktok.com\/@vebiot"]}]}},"_links":{"self":[{"href":"https:\/\/vebiot.pl\/en\/wp-json\/wp\/v2\/product\/27209","targetHints":{"allow":["GET"]}}],"collection":[{"href":"https:\/\/vebiot.pl\/en\/wp-json\/wp\/v2\/product"}],"about":[{"href":"https:\/\/vebiot.pl\/en\/wp-json\/wp\/v2\/types\/product"}],"replies":[{"embeddable":true,"href":"https:\/\/vebiot.pl\/en\/wp-json\/wp\/v2\/comments?post=27209"}],"wp:featuredmedia":[{"embeddable":true,"href":"https:\/\/vebiot.pl\/en\/wp-json\/wp\/v2\/media\/27212"}],"wp:attachment":[{"href":"https:\/\/vebiot.pl\/en\/wp-json\/wp\/v2\/media?parent=27209"}],"wp:term":[{"taxonomy":"product_cat","embeddable":true,"href":"https:\/\/vebiot.pl\/en\/wp-json\/wp\/v2\/product_cat?post=27209"},{"taxonomy":"product_tag","embeddable":true,"href":"https:\/\/vebiot.pl\/en\/wp-json\/wp\/v2\/product_tag?post=27209"}],"curies":[{"name":"wp","href":"https:\/\/api.w.org\/{rel}","templated":true}]}}