{"id":20518,"date":"2023-08-24T12:48:58","date_gmt":"2023-08-24T10:48:58","guid":{"rendered":"https:\/\/wordpress.vebiot-wordpress.centuria.pl\/?post_type=product&#038;p=20518"},"modified":"2026-03-17T15:44:35","modified_gmt":"2026-03-17T14:44:35","slug":"hepaxan-60-tabletek","status":"publish","type":"product","link":"https:\/\/vebiot.pl\/en\/sklep\/hepaxan-60-tabletek\/","title":{"rendered":"Hepaxan &#8211; naturalne wsparcie w\u0105troby dla psa i kota"},"content":{"rendered":"<h2>Dlaczego w\u0105troba Twojego pupila potrzebuje wsparcia?<\/h2>\n<p>W\u0105troba to organ pe\u0142ni\u0105cy wa\u017cne funkcje w organizmie psa i kota \u2013 odpowiada m.in. za metabolizm i oczyszczanie organizmu z toksyn. Codzienne wyzwania, nieodpowiednia dieta czy wiek mog\u0105 wp\u0142ywa\u0107 na jej kondycj\u0119. HEPAXAN zosta\u0142 stworzony, aby wspiera\u0107 fizjologiczne funkcje w\u0105troby i pomaga\u0107 utrzyma\u0107 j\u0105 w dobrej formie.<\/p>\n<h2>Jak dzia\u0142a Hepaxan?<\/h2>\n<p>Si\u0142a HEPAXANU tkwi w\u00a0synergicznym dzia\u0142aniu precyzyjnie dobranych sk\u0142adnik\u00f3w, kt\u00f3re:<\/p>\n<ul>\n<li>wspieraj\u0105 fizjologiczne procesy regeneracji w\u0105troby,<\/li>\n<li>przyczyniaj\u0105 si\u0119 do ochrony kom\u00f3rek w\u0105troby,<\/li>\n<li>wspieraj\u0105 fizjologiczne funkcje w\u0105troby,<\/li>\n<li>pozytywnie wp\u0142ywaj\u0105 na procesy metabolizowania substancji i usuwania produkt\u00f3w przemiany materii,<\/li>\n<li>wspieraj\u0105 naturalne procesy metaboliczne, w kt\u00f3rych w\u0105troba odgrywa kluczow\u0105 rol\u0119,<\/li>\n<li>przyczyniaj\u0105 si\u0119 do ochrony kom\u00f3rek w\u0105troby przed stresem oksydacyjnym<\/li>\n<\/ul>\n<p><img fetchpriority=\"high\" decoding=\"async\" class=\"alignnone size-full wp-image-26246\" src=\"https:\/\/vebiot.pl\/wp-content\/uploads\/2023\/08\/VEBIOT-Hepaxan-1280x500px-do-opisu-produktu-13CZERW.jpg\" alt=\"\" width=\"1280\" height=\"500\" srcset=\"https:\/\/vebiot.pl\/wp-content\/uploads\/2023\/08\/VEBIOT-Hepaxan-1280x500px-do-opisu-produktu-13CZERW.jpg 1280w, https:\/\/vebiot.pl\/wp-content\/uploads\/2023\/08\/VEBIOT-Hepaxan-1280x500px-do-opisu-produktu-13CZERW-300x117.jpg 300w, https:\/\/vebiot.pl\/wp-content\/uploads\/2023\/08\/VEBIOT-Hepaxan-1280x500px-do-opisu-produktu-13CZERW-1024x400.jpg 1024w, https:\/\/vebiot.pl\/wp-content\/uploads\/2023\/08\/VEBIOT-Hepaxan-1280x500px-do-opisu-produktu-13CZERW-768x300.jpg 768w, https:\/\/vebiot.pl\/wp-content\/uploads\/2023\/08\/VEBIOT-Hepaxan-1280x500px-do-opisu-produktu-13CZERW-18x7.jpg 18w, https:\/\/vebiot.pl\/wp-content\/uploads\/2023\/08\/VEBIOT-Hepaxan-1280x500px-do-opisu-produktu-13CZERW-800x313.jpg 800w\" sizes=\"(max-width: 1280px) 100vw, 1280px\" \/><\/p>\n<h2>Kiedy stosowa\u0107 Hepaxan?<\/h2>\n<p>HEPAXAN przeznaczony jest dla ps\u00f3w i kot\u00f3w:<\/p>\n<ul>\n<li>wymagaj\u0105cych wsparcia fizjologicznych funkcji w\u0105troby,<\/li>\n<li>w okresach zwi\u0119kszonego zapotrzebowania na wsparcie pracy w\u0105troby,<\/li>\n<li>jako uzupe\u0142nienie diety wspieraj\u0105cej prawid\u0142owe funkcjonowanie w\u0105troby<\/li>\n<\/ul>\n<p>&nbsp;<\/p>\n<p><strong>SPRAWD\u0179 &gt;&gt; <em><a href=\"https:\/\/www.instagram.com\/p\/DFfB7SJo7UM\/?next=%2F\" target=\"_blank\" rel=\"noopener\">Jak \u0142atwo poda\u0107 pupilowi tabl<\/a>e<a href=\"https:\/\/vebiot.pl\/en\/sklep\/kruszarka-do-tabletek\/\" target=\"_blank\" rel=\"noopener\">tk\u0119?<\/a><\/em><\/strong><\/p>\n<h2>Dlaczego warto wybra\u0107 Hepaxan?<\/h2>\n<ul>\n<li><strong>potwierdzona jako\u015b\u0107<\/strong> &#8211; produkt przebadany w \u00a0<strong>Uniwersyteckim Centrum Medycyny Weterynaryjnej Uniwersytetu Przyrodniczego w Poznaniu<\/strong>* **<\/li>\n<li><strong>zaufanie ekspert\u00f3w<\/strong> &#8211; opracowany we wsp\u00f3\u0142pracy z lekarzami weterynarii i polecany w gabinetach lekarskich<\/li>\n<li><strong>bezpiecze\u0144stwo stosowania<\/strong> &#8211; bezpieczny i <strong>odpowiedni do d\u0142ugotrwa\u0142ego stosowania<\/strong> u ps\u00f3w i kot\u00f3w<\/li>\n<li><strong>wysoka przyswajalno\u015b\u0107<\/strong> &#8211; zawiera <strong>sk\u0142adniki aktywne w formie \u0142atwo dost\u0119pnej<\/strong> dla organizmu zwierz\u0119cia<\/li>\n<li><strong>przyjazny dla zwierz\u0105t<\/strong> &#8211; neutralne smakowo i zapachowo tabletki, kt\u00f3re mo\u017cna <strong>\u0142atwo podzieli\u0107, rozkruszy\u0107 lub rozpu\u015bci\u0107 w wodzie<\/strong><\/li>\n<\/ul>\n<h2>Jak stosowa\u0107 Hepaxan?<\/h2>\n<p><strong>Dzienna rekomendowana porcja Hepaxanu<\/strong>: 1 tabletka na 3-5 kg masy cia\u0142a.<\/p>\n<p><strong>Spos\u00f3b podania:<\/strong> tabletk\u0119 Hepaxanu mo\u017cna poda\u0107 zwierz\u0119ciu w ca\u0142o\u015bci bezpo\u015brednio do pyska lub ukryt\u0105 np. w smako\u0142yku. Mo\u017cesz j\u0105 tak\u017ce rozkruszy\u0107 i wymiesza\u0107 z ulubion\u0105 karm\u0105 lub wod\u0105.<\/p>\n<p>&nbsp;<\/p>\n<p><strong>WYPR\u00d3BUJ &gt;&gt; <em><a href=\"https:\/\/vebiot.pl\/en\/sklep\/kruszarka-do-tabletek\/\" target=\"_blank\" rel=\"noopener\">Kruszarka do tabletek<\/a>.<\/em><\/strong><\/p>\n<p>&nbsp;<\/p>\n<p>Opakowanie zawiera 60 tabletek czterodzielnych. Tabletki s\u0105 bez smaku i zapachu, \u0142atwo rozpuszczalne, \u0142atwe do podania nawet najbardziej wymagaj\u0105cym pupilom.<\/p>\n<h3>Zam\u00f3w teraz i zadbaj o w\u0105trob\u0119 Twojego pupila!<\/h3>\n<p>&nbsp;<\/p>\n<p>&nbsp;<\/p>\n<p><strong>*<\/strong> <em>Dietary supplements containing silymarin as a supportive factor in the treatment of canine hepatopathies<\/em>, Maciej Gogulski, Marie Ardois, Julia Grabska, Kacper Libera, Ma\u0142gorzata Szumacher, Adam Cie\u015blak, Viola Strompfov\u00e1, Medycyna Weterynaryjna 76(12), 2020<\/p>\n<p>** <em>Wp\u0142yw suplementacji sylibiny na strawno\u015b\u0107, parametry hematologiczne, aktywno\u015b\u0107 w\u0105troby i specyficzne dla w\u0105troby parametry molekularne -mi-RNA u ps\u00f3w, <\/em>Gogulski M., Cie\u015blak A., Grabska J., Ardois M., Pomorska <em>\u00a0<\/em>BMC Veterinary Research, 2021<\/p>\n<h6><\/h6>","protected":false},"excerpt":{"rendered":"<p>Zdrowa w\u0105troba to klucz do witalno\u015bci i dobrego samopoczucia psa i kota. HEPAXAN to specjalistyczny preparat opracowany we wsp\u00f3\u0142pracy z lekarzami weterynarii, aby\u00a0naturalnie wspiera\u0107 prawid\u0142owe funkcjonowanie w\u0105troby\u00a0Twojego pupila. Przebadany w Uniwersyteckim Centrum Medycyny Weterynaryjnej w Poznaniu \u2013 dla Twojej pewno\u015bci.<\/p>","protected":false},"featured_media":24443,"comment_status":"open","ping_status":"closed","template":"","meta":{"inline_featured_image":false},"product_cat":[80,81],"product_tag":[],"class_list":{"0":"post-20518","1":"product","2":"type-product","3":"status-publish","4":"has-post-thumbnail","6":"product_brand-vebiot","7":"product_cat-pies","8":"product_cat-kot","10":"first","11":"instock","12":"shipping-taxable","13":"purchasable","14":"product-type-simple"},"yoast_head":"<!-- This site is optimized with the Yoast SEO plugin v26.4 - https:\/\/yoast.com\/wordpress\/plugins\/seo\/ -->\n<title>Hepaxan \u2013 preparat na w\u0105trob\u0119 dla psa i kota | Naturalne sk\u0142adniki<\/title>\n<meta name=\"description\" content=\"Hepaxan dla psa i kota skutecznie wspiera funkcjonowanie w\u0105troby. Wysoka przyswajalno\u015b\u0107. Polski producent. Dowiedz si\u0119 wi\u0119cej!\" \/>\n<meta name=\"robots\" content=\"index, follow, max-snippet:-1, max-image-preview:large, max-video-preview:-1\" \/>\n<link rel=\"canonical\" href=\"https:\/\/vebiot.pl\/en\/sklep\/hepaxan-60-tabletek\/\" \/>\n<meta property=\"og:locale\" content=\"en_GB\" \/>\n<meta property=\"og:type\" content=\"article\" \/>\n<meta property=\"og:title\" content=\"Hepaxan \u2013 preparat na w\u0105trob\u0119 dla psa i kota | Naturalne sk\u0142adniki\" \/>\n<meta property=\"og:description\" content=\"Hepaxan dla psa i kota skutecznie wspiera funkcjonowanie w\u0105troby. Wysoka przyswajalno\u015b\u0107. Polski producent. Dowiedz si\u0119 wi\u0119cej!\" \/>\n<meta property=\"og:url\" content=\"https:\/\/vebiot.pl\/en\/sklep\/hepaxan-60-tabletek\/\" \/>\n<meta property=\"og:site_name\" content=\"Vebiot - zadbaj o zdrowie swojego pupila\" \/>\n<meta property=\"article:publisher\" content=\"https:\/\/www.facebook.com\/vebiot\" \/>\n<meta property=\"article:modified_time\" content=\"2026-03-17T14:44:35+00:00\" \/>\n<meta property=\"og:image\" content=\"https:\/\/vebiot.pl\/wp-content\/uploads\/2023\/08\/Hepaxan_kartonik_0005.png\" \/>\n\t<meta property=\"og:image:width\" content=\"1200\" \/>\n\t<meta property=\"og:image:height\" content=\"1200\" \/>\n\t<meta property=\"og:image:type\" content=\"image\/png\" \/>\n<meta name=\"twitter:card\" content=\"summary_large_image\" \/>\n<meta name=\"twitter:label1\" content=\"Estimated reading time\" \/>\n\t<meta name=\"twitter:data1\" content=\"3 minutes\" \/>\n<script type=\"application\/ld+json\" class=\"yoast-schema-graph\">{\"@context\":\"https:\/\/schema.org\",\"@graph\":[{\"@type\":\"WebPage\",\"@id\":\"https:\/\/vebiot.pl\/sklep\/hepaxan-60-tabletek\/\",\"url\":\"https:\/\/vebiot.pl\/sklep\/hepaxan-60-tabletek\/\",\"name\":\"Hepaxan \u2013 preparat na w\u0105trob\u0119 dla psa i kota | Naturalne sk\u0142adniki\",\"isPartOf\":{\"@id\":\"https:\/\/vebiot.pl\/#website\"},\"primaryImageOfPage\":{\"@id\":\"https:\/\/vebiot.pl\/sklep\/hepaxan-60-tabletek\/#primaryimage\"},\"image\":{\"@id\":\"https:\/\/vebiot.pl\/sklep\/hepaxan-60-tabletek\/#primaryimage\"},\"thumbnailUrl\":\"https:\/\/vebiot.pl\/wp-content\/uploads\/2023\/08\/Hepaxan_kartonik_0005.png\",\"datePublished\":\"2023-08-24T10:48:58+00:00\",\"dateModified\":\"2026-03-17T14:44:35+00:00\",\"description\":\"Hepaxan dla psa i kota skutecznie wspiera funkcjonowanie w\u0105troby. Wysoka przyswajalno\u015b\u0107. Polski producent. Dowiedz si\u0119 wi\u0119cej!\",\"breadcrumb\":{\"@id\":\"https:\/\/vebiot.pl\/sklep\/hepaxan-60-tabletek\/#breadcrumb\"},\"inLanguage\":\"en-GB\",\"potentialAction\":[{\"@type\":\"ReadAction\",\"target\":[\"https:\/\/vebiot.pl\/sklep\/hepaxan-60-tabletek\/\"]}]},{\"@type\":\"ImageObject\",\"inLanguage\":\"en-GB\",\"@id\":\"https:\/\/vebiot.pl\/sklep\/hepaxan-60-tabletek\/#primaryimage\",\"url\":\"https:\/\/vebiot.pl\/wp-content\/uploads\/2023\/08\/Hepaxan_kartonik_0005.png\",\"contentUrl\":\"https:\/\/vebiot.pl\/wp-content\/uploads\/2023\/08\/Hepaxan_kartonik_0005.png\",\"width\":1200,\"height\":1200,\"caption\":\"Hepaxan\"},{\"@type\":\"BreadcrumbList\",\"@id\":\"https:\/\/vebiot.pl\/sklep\/hepaxan-60-tabletek\/#breadcrumb\",\"itemListElement\":[{\"@type\":\"ListItem\",\"position\":1,\"name\":\"Home\",\"item\":\"https:\/\/vebiot.pl\/\"},{\"@type\":\"ListItem\",\"position\":2,\"name\":\"Sklep\",\"item\":\"https:\/\/vebiot.pl\/sklep\/\"},{\"@type\":\"ListItem\",\"position\":3,\"name\":\"Hepaxan &#8211; naturalne wsparcie w\u0105troby dla psa i kota\"}]},{\"@type\":\"WebSite\",\"@id\":\"https:\/\/vebiot.pl\/#website\",\"url\":\"https:\/\/vebiot.pl\/\",\"name\":\"Vebiot - zadbaj o zdrowie swojego pupila\",\"description\":\"Marka Vebiot nale\u017c\u0105ca do grupy Olimp-Nutrifarm to specjalistyczna linia preparat\u00f3w weterynaryjnych.  Produkty Vebiot wspieraj\u0105 zdrowie Twojego pupila na ka\u017cdym etapie jego rozwoju.\",\"publisher\":{\"@id\":\"https:\/\/vebiot.pl\/#organization\"},\"potentialAction\":[{\"@type\":\"SearchAction\",\"target\":{\"@type\":\"EntryPoint\",\"urlTemplate\":\"https:\/\/vebiot.pl\/?s={search_term_string}\"},\"query-input\":{\"@type\":\"PropertyValueSpecification\",\"valueRequired\":true,\"valueName\":\"search_term_string\"}}],\"inLanguage\":\"en-GB\"},{\"@type\":\"Organization\",\"@id\":\"https:\/\/vebiot.pl\/#organization\",\"name\":\"Vebiot - zadbaj o zdrowie swojego pupila\",\"url\":\"https:\/\/vebiot.pl\/\",\"logo\":{\"@type\":\"ImageObject\",\"inLanguage\":\"en-GB\",\"@id\":\"https:\/\/vebiot.pl\/#\/schema\/logo\/image\/\",\"url\":\"https:\/\/vebiot.pl\/wp-content\/uploads\/2023\/05\/logo_vebiot_niebieskie.png\",\"contentUrl\":\"https:\/\/vebiot.pl\/wp-content\/uploads\/2023\/05\/logo_vebiot_niebieskie.png\",\"width\":479,\"height\":110,\"caption\":\"Vebiot - zadbaj o zdrowie swojego pupila\"},\"image\":{\"@id\":\"https:\/\/vebiot.pl\/#\/schema\/logo\/image\/\"},\"sameAs\":[\"https:\/\/www.facebook.com\/vebiot\",\"https:\/\/www.instagram.com\/vebiot_official\/\",\"https:\/\/www.youtube.com\/channel\/UCBVg1YsHz8NGtchHnOqXDfw\",\"https:\/\/www.tiktok.com\/@vebiot\"]}]}<\/script>\n<!-- \/ Yoast SEO plugin. -->","yoast_head_json":{"title":"Hepaxan \u2013 preparat na w\u0105trob\u0119 dla psa i kota | Naturalne sk\u0142adniki","description":"Hepaxan dla psa i kota skutecznie wspiera funkcjonowanie w\u0105troby. Wysoka przyswajalno\u015b\u0107. Polski producent. Dowiedz si\u0119 wi\u0119cej!","robots":{"index":"index","follow":"follow","max-snippet":"max-snippet:-1","max-image-preview":"max-image-preview:large","max-video-preview":"max-video-preview:-1"},"canonical":"https:\/\/vebiot.pl\/en\/sklep\/hepaxan-60-tabletek\/","og_locale":"en_GB","og_type":"article","og_title":"Hepaxan \u2013 preparat na w\u0105trob\u0119 dla psa i kota | Naturalne sk\u0142adniki","og_description":"Hepaxan dla psa i kota skutecznie wspiera funkcjonowanie w\u0105troby. Wysoka przyswajalno\u015b\u0107. Polski producent. Dowiedz si\u0119 wi\u0119cej!","og_url":"https:\/\/vebiot.pl\/en\/sklep\/hepaxan-60-tabletek\/","og_site_name":"Vebiot - zadbaj o zdrowie swojego pupila","article_publisher":"https:\/\/www.facebook.com\/vebiot","article_modified_time":"2026-03-17T14:44:35+00:00","og_image":[{"width":1200,"height":1200,"url":"https:\/\/vebiot.pl\/wp-content\/uploads\/2023\/08\/Hepaxan_kartonik_0005.png","type":"image\/png"}],"twitter_card":"summary_large_image","twitter_misc":{"Estimated reading time":"3 minutes"},"schema":{"@context":"https:\/\/schema.org","@graph":[{"@type":"WebPage","@id":"https:\/\/vebiot.pl\/sklep\/hepaxan-60-tabletek\/","url":"https:\/\/vebiot.pl\/sklep\/hepaxan-60-tabletek\/","name":"Hepaxan \u2013 preparat na w\u0105trob\u0119 dla psa i kota | Naturalne sk\u0142adniki","isPartOf":{"@id":"https:\/\/vebiot.pl\/#website"},"primaryImageOfPage":{"@id":"https:\/\/vebiot.pl\/sklep\/hepaxan-60-tabletek\/#primaryimage"},"image":{"@id":"https:\/\/vebiot.pl\/sklep\/hepaxan-60-tabletek\/#primaryimage"},"thumbnailUrl":"https:\/\/vebiot.pl\/wp-content\/uploads\/2023\/08\/Hepaxan_kartonik_0005.png","datePublished":"2023-08-24T10:48:58+00:00","dateModified":"2026-03-17T14:44:35+00:00","description":"Hepaxan dla psa i kota skutecznie wspiera funkcjonowanie w\u0105troby. Wysoka przyswajalno\u015b\u0107. Polski producent. Dowiedz si\u0119 wi\u0119cej!","breadcrumb":{"@id":"https:\/\/vebiot.pl\/sklep\/hepaxan-60-tabletek\/#breadcrumb"},"inLanguage":"en-GB","potentialAction":[{"@type":"ReadAction","target":["https:\/\/vebiot.pl\/sklep\/hepaxan-60-tabletek\/"]}]},{"@type":"ImageObject","inLanguage":"en-GB","@id":"https:\/\/vebiot.pl\/sklep\/hepaxan-60-tabletek\/#primaryimage","url":"https:\/\/vebiot.pl\/wp-content\/uploads\/2023\/08\/Hepaxan_kartonik_0005.png","contentUrl":"https:\/\/vebiot.pl\/wp-content\/uploads\/2023\/08\/Hepaxan_kartonik_0005.png","width":1200,"height":1200,"caption":"Hepaxan"},{"@type":"BreadcrumbList","@id":"https:\/\/vebiot.pl\/sklep\/hepaxan-60-tabletek\/#breadcrumb","itemListElement":[{"@type":"ListItem","position":1,"name":"Home","item":"https:\/\/vebiot.pl\/"},{"@type":"ListItem","position":2,"name":"Sklep","item":"https:\/\/vebiot.pl\/sklep\/"},{"@type":"ListItem","position":3,"name":"Hepaxan &#8211; naturalne wsparcie w\u0105troby dla psa i kota"}]},{"@type":"WebSite","@id":"https:\/\/vebiot.pl\/#website","url":"https:\/\/vebiot.pl\/","name":"Vebiot - zadbaj o zdrowie swojego pupila","description":"Marka Vebiot nale\u017c\u0105ca do grupy Olimp-Nutrifarm to specjalistyczna linia preparat\u00f3w weterynaryjnych.  Produkty Vebiot wspieraj\u0105 zdrowie Twojego pupila na ka\u017cdym etapie jego rozwoju.","publisher":{"@id":"https:\/\/vebiot.pl\/#organization"},"potentialAction":[{"@type":"SearchAction","target":{"@type":"EntryPoint","urlTemplate":"https:\/\/vebiot.pl\/?s={search_term_string}"},"query-input":{"@type":"PropertyValueSpecification","valueRequired":true,"valueName":"search_term_string"}}],"inLanguage":"en-GB"},{"@type":"Organization","@id":"https:\/\/vebiot.pl\/#organization","name":"Vebiot - zadbaj o zdrowie swojego pupila","url":"https:\/\/vebiot.pl\/","logo":{"@type":"ImageObject","inLanguage":"en-GB","@id":"https:\/\/vebiot.pl\/#\/schema\/logo\/image\/","url":"https:\/\/vebiot.pl\/wp-content\/uploads\/2023\/05\/logo_vebiot_niebieskie.png","contentUrl":"https:\/\/vebiot.pl\/wp-content\/uploads\/2023\/05\/logo_vebiot_niebieskie.png","width":479,"height":110,"caption":"Vebiot - zadbaj o zdrowie swojego pupila"},"image":{"@id":"https:\/\/vebiot.pl\/#\/schema\/logo\/image\/"},"sameAs":["https:\/\/www.facebook.com\/vebiot","https:\/\/www.instagram.com\/vebiot_official\/","https:\/\/www.youtube.com\/channel\/UCBVg1YsHz8NGtchHnOqXDfw","https:\/\/www.tiktok.com\/@vebiot"]}]}},"_links":{"self":[{"href":"https:\/\/vebiot.pl\/en\/wp-json\/wp\/v2\/product\/20518","targetHints":{"allow":["GET"]}}],"collection":[{"href":"https:\/\/vebiot.pl\/en\/wp-json\/wp\/v2\/product"}],"about":[{"href":"https:\/\/vebiot.pl\/en\/wp-json\/wp\/v2\/types\/product"}],"replies":[{"embeddable":true,"href":"https:\/\/vebiot.pl\/en\/wp-json\/wp\/v2\/comments?post=20518"}],"wp:featuredmedia":[{"embeddable":true,"href":"https:\/\/vebiot.pl\/en\/wp-json\/wp\/v2\/media\/24443"}],"wp:attachment":[{"href":"https:\/\/vebiot.pl\/en\/wp-json\/wp\/v2\/media?parent=20518"}],"wp:term":[{"taxonomy":"product_cat","embeddable":true,"href":"https:\/\/vebiot.pl\/en\/wp-json\/wp\/v2\/product_cat?post=20518"},{"taxonomy":"product_tag","embeddable":true,"href":"https:\/\/vebiot.pl\/en\/wp-json\/wp\/v2\/product_tag?post=20518"}],"curies":[{"name":"wp","href":"https:\/\/api.w.org\/{rel}","templated":true}]}}