{"id":19450,"date":"2023-05-19T08:55:44","date_gmt":"2023-05-19T06:55:44","guid":{"rendered":"https:\/\/wordpress.vebiot-wordpress.centuria.pl\/produkt\/arthroxan-60-tabletek\/"},"modified":"2026-04-10T12:44:21","modified_gmt":"2026-04-10T10:44:21","slug":"arthroxan-60-tabletek","status":"publish","type":"product","link":"https:\/\/vebiot.pl\/en\/sklep\/arthroxan-60-tabletek\/","title":{"rendered":"Arthroxan &#8211; wsparcie funkcjonowania staw\u00f3w dla psa i kota"},"content":{"rendered":"<h2>Sprawny narz\u0105d ruchu &#8211; klucz do szcz\u0119\u015bliwego \u017cycia Twojego pupila<\/h2>\n<p>Rado\u015b\u0107 z ruchu to esencja psiego i kociego \u017cycia. To w\u0142a\u015bnie <strong>sprawny\u00a0narz\u0105d ruchu<\/strong>\u00a0pozwala na beztroskie pogonie, zwinne skoki i codzienne odkrywanie \u015bwiata. Z wiekiem, u aktywnych &#8222;sportowc\u00f3w&#8221; czy w okresie intensywnego wzrostu, naturalne mechanizmy chroni\u0105ce stawy mog\u0105 wymaga\u0107 m\u0105drego wsparcia.<\/p>\n<p>Kluczow\u0105 rol\u0119 odgrywa tu <strong>kondycja chrz\u0105stki stawowej<\/strong>, kt\u00f3ra dzia\u0142a jak amortyzator &#8211; dlatego tak cenne jest dostarczanie jej sk\u0142adnik\u00f3w, kt\u00f3re s\u0105 jej naturalnym budulcem, takich jak\u00a0<strong>natywny kolagen typu II, glukozamina krystaliczna i siarczan chondroityny<\/strong>. Dodatkowo,\u00a0<strong>kwas hialuronowy<\/strong>, kt\u00f3ry naturalnie otacza chrz\u0105stk\u0119, wp\u0142ywa na zmniejszenie si\u0142y tarcia.<br \/>\nSk\u0142adniki te pomagaj\u0105 utrzyma\u0107 elastyczno\u015b\u0107, ruchomo\u015b\u0107 oraz prawid\u0142owe funkcjonowanie staw\u00f3w. <strong>To w\u0142a\u015bnie dlatego ich regularne dostarczanie w diecie jest najlepsz\u0105 inwestycj\u0105 w komfort, mobilno\u015b\u0107 i jako\u015b\u0107 \u017cycia Twojego pupila.<\/strong><\/p>\n<h2>Dlaczego warto stosowa\u0107 Arthroxan ?<\/h2>\n<p>ARTHROXAN zawiera 4 kluczowe sk\u0142adniki naturalnie wyst\u0119puj\u0105ce w stawie, kt\u00f3re:<\/p>\n<ul>\n<li>wspieraj\u0105 prawid\u0142owe funkcjonowanie staw\u00f3w, ko\u015bci oraz chrz\u0105stek u ps\u00f3w i kot\u00f3w,<\/li>\n<li>pomagaj\u0105 utrzyma\u0107 ruchomo\u015b\u0107 staw\u00f3w,<\/li>\n<li>wp\u0142ywaj\u0105 na redukcj\u0119 si\u0142y tarcia i zwi\u0119kszenie g\u0119sto\u015bci tkanki chrz\u0119stnej.<\/li>\n<\/ul>\n<p>Dzi\u0119ki zawarto\u015bci sk\u0142adnik\u00f3w w odpowiednich ilo\u015bciach, ARTHROXAN nie wymaga stosowania porcji wysyceniowej.<\/p>\n<h2>Kiedy warto podawa\u0107 Arthroxan?<\/h2>\n<p>ARTHROXAN to idealne rozwi\u0105zanie dla :<\/p>\n<ul>\n<li>ps\u00f3w i kot\u00f3w wymagaj\u0105cych wsparcia prawid\u0142owego funkcjonowania uk\u0142adu ruchu<\/li>\n<li>osobnik\u00f3w starszych i oty\u0142ych wymagaj\u0105cych wsparcia funkcjonowania staw\u00f3w<\/li>\n<li>osobnik\u00f3w m\u0142odych, w czasie wzrostu i rozwoju ko\u015b\u0107ca<\/li>\n<\/ul>\n<h2>Korzy\u015bci stosowania produktu Arthroxan:<\/h2>\n<ul>\n<li>pomaga utrzyma\u0107 <strong>komfort i swobod\u0119 ruchu<\/strong><\/li>\n<li>wp\u0142ywa na popraw\u0119 <strong>elastyczno\u015bci i ruchomo\u015bci staw\u00f3w<\/strong><\/li>\n<li>wspiera <strong>prawid\u0142owy rozw\u00f3j uk\u0142adu kostno-stawowego<\/strong> u szczeni\u0105t i koci\u0105t<\/li>\n<\/ul>\n<p>&nbsp;<\/p>\n<p><strong>WYPR\u00d3BUJ &gt;&gt; <em><a href=\"https:\/\/vebiot.pl\/en\/sklep\/kruszarka-do-tabletek\/\" target=\"_blank\" rel=\"noopener\">Kruszarka do tabletek<\/a>.<\/em><\/strong><\/p>\n<h2>Jak stosowa\u0107 Arthroxan?<\/h2>\n<p>Dzienna rekomendowana porcja Arthroxan<strong>:<\/strong> 1 tabletka na 10 kg masy cia\u0142a.<\/p>\n<p><strong>Spos\u00f3b podania:<\/strong>\u00a0tabletk\u0119 ARTHROXANU mo\u017cna poda\u0107 zwierz\u0119ciu w ca\u0142o\u015bci bezpo\u015brednio do pyska lub ukryt\u0105 np. w smako\u0142yku. Mo\u017cesz j\u0105 tak\u017ce rozkruszy\u0107 i wymiesza\u0107 z ulubion\u0105 karm\u0105 lub wod\u0105.<\/p>\n<p>Opakowanie zawiera 60 tabletek czterodzielnych. Tabletki s\u0105 bez smaku i zapachu, \u0142atwo rozpuszczalne, \u0142atwe do podania nawet najbardziej wymagaj\u0105cym pupilom.<\/p>\n<h2>Arthroxan to bezpieczny preparat na stawy, kt\u00f3ry przywr\u00f3ci Twojemu pupilowi rado\u015b\u0107 z aktywno\u015bci.<\/h2>","protected":false},"excerpt":{"rendered":"<p>ARTHROXAN to zaawansowane wsparcie funkcjonowania staw\u00f3w dla ps\u00f3w i kot\u00f3w na ka\u017cdym etapie ich \u017cycia. Pomaga utrzyma\u0107 komfort, elastyczno\u015b\u0107 i swobod\u0119 ruchu. To idealne rozwi\u0105zanie dla rosn\u0105cych, aktywnych, jak r\u00f3wnie\u017c starszych zwierz\u0105t.<\/p>","protected":false},"featured_media":26137,"comment_status":"open","ping_status":"closed","template":"","meta":{"inline_featured_image":false},"product_cat":[80,81],"product_tag":[],"class_list":{"0":"post-19450","1":"product","2":"type-product","3":"status-publish","4":"has-post-thumbnail","6":"product_brand-vebiot","7":"product_cat-pies","8":"product_cat-kot","10":"first","11":"instock","12":"shipping-taxable","13":"purchasable","14":"product-type-simple"},"yoast_head":"<!-- This site is optimized with the Yoast SEO plugin v26.4 - https:\/\/yoast.com\/wordpress\/plugins\/seo\/ -->\n<title>Arthroxan - Preparat na stawy dla psa i kota | Wspomaga zdrowe stawy<\/title>\n<meta name=\"description\" content=\"Arthroxan to preparat dla ps\u00f3w i kot\u00f3w, wspieraj\u0105cy zdrowie staw\u00f3w. Zawiera natywny kolagen typu II, glukozamin\u0119 krystaliczn\u0105, chondroityn\u0119 i kwas hialuronowy. Wspiera elastyczno\u015b\u0107 i ruchomo\u015b\u0107 staw\u00f3w\" \/>\n<meta name=\"robots\" content=\"index, follow, max-snippet:-1, max-image-preview:large, max-video-preview:-1\" \/>\n<link rel=\"canonical\" href=\"https:\/\/vebiot.pl\/en\/sklep\/arthroxan-60-tabletek\/\" \/>\n<meta property=\"og:locale\" content=\"en_GB\" \/>\n<meta property=\"og:type\" content=\"article\" \/>\n<meta property=\"og:title\" content=\"Arthroxan - Preparat na stawy dla psa i kota | Wspomaga zdrowe stawy\" \/>\n<meta property=\"og:description\" content=\"Arthroxan to preparat dla ps\u00f3w i kot\u00f3w, wspieraj\u0105cy zdrowie staw\u00f3w. Zawiera natywny kolagen typu II, glukozamin\u0119 krystaliczn\u0105, chondroityn\u0119 i kwas hialuronowy. Wspiera elastyczno\u015b\u0107 i ruchomo\u015b\u0107 staw\u00f3w\" \/>\n<meta property=\"og:url\" content=\"https:\/\/vebiot.pl\/en\/sklep\/arthroxan-60-tabletek\/\" \/>\n<meta property=\"og:site_name\" content=\"Vebiot - zadbaj o zdrowie swojego pupila\" \/>\n<meta property=\"article:publisher\" content=\"https:\/\/www.facebook.com\/vebiot\" \/>\n<meta property=\"article:modified_time\" content=\"2026-04-10T10:44:21+00:00\" \/>\n<meta property=\"og:image\" content=\"https:\/\/vebiot.pl\/wp-content\/uploads\/2023\/05\/Arthroxan_kartonik-1.png\" \/>\n\t<meta property=\"og:image:width\" content=\"2000\" \/>\n\t<meta property=\"og:image:height\" content=\"2000\" \/>\n\t<meta property=\"og:image:type\" content=\"image\/png\" \/>\n<meta name=\"twitter:card\" content=\"summary_large_image\" \/>\n<meta name=\"twitter:label1\" content=\"Estimated reading time\" \/>\n\t<meta name=\"twitter:data1\" content=\"3 minutes\" \/>\n<script type=\"application\/ld+json\" class=\"yoast-schema-graph\">{\"@context\":\"https:\/\/schema.org\",\"@graph\":[{\"@type\":\"WebPage\",\"@id\":\"https:\/\/vebiot.pl\/sklep\/arthroxan-60-tabletek\/\",\"url\":\"https:\/\/vebiot.pl\/sklep\/arthroxan-60-tabletek\/\",\"name\":\"Arthroxan - Preparat na stawy dla psa i kota | Wspomaga zdrowe stawy\",\"isPartOf\":{\"@id\":\"https:\/\/vebiot.pl\/#website\"},\"primaryImageOfPage\":{\"@id\":\"https:\/\/vebiot.pl\/sklep\/arthroxan-60-tabletek\/#primaryimage\"},\"image\":{\"@id\":\"https:\/\/vebiot.pl\/sklep\/arthroxan-60-tabletek\/#primaryimage\"},\"thumbnailUrl\":\"https:\/\/vebiot.pl\/wp-content\/uploads\/2023\/05\/Arthroxan_kartonik-1.png\",\"datePublished\":\"2023-05-19T06:55:44+00:00\",\"dateModified\":\"2026-04-10T10:44:21+00:00\",\"description\":\"Arthroxan to preparat dla ps\u00f3w i kot\u00f3w, wspieraj\u0105cy zdrowie staw\u00f3w. Zawiera natywny kolagen typu II, glukozamin\u0119 krystaliczn\u0105, chondroityn\u0119 i kwas hialuronowy. Wspiera elastyczno\u015b\u0107 i ruchomo\u015b\u0107 staw\u00f3w\",\"breadcrumb\":{\"@id\":\"https:\/\/vebiot.pl\/sklep\/arthroxan-60-tabletek\/#breadcrumb\"},\"inLanguage\":\"en-GB\",\"potentialAction\":[{\"@type\":\"ReadAction\",\"target\":[\"https:\/\/vebiot.pl\/sklep\/arthroxan-60-tabletek\/\"]}]},{\"@type\":\"ImageObject\",\"inLanguage\":\"en-GB\",\"@id\":\"https:\/\/vebiot.pl\/sklep\/arthroxan-60-tabletek\/#primaryimage\",\"url\":\"https:\/\/vebiot.pl\/wp-content\/uploads\/2023\/05\/Arthroxan_kartonik-1.png\",\"contentUrl\":\"https:\/\/vebiot.pl\/wp-content\/uploads\/2023\/05\/Arthroxan_kartonik-1.png\",\"width\":2000,\"height\":2000},{\"@type\":\"BreadcrumbList\",\"@id\":\"https:\/\/vebiot.pl\/sklep\/arthroxan-60-tabletek\/#breadcrumb\",\"itemListElement\":[{\"@type\":\"ListItem\",\"position\":1,\"name\":\"Home\",\"item\":\"https:\/\/vebiot.pl\/\"},{\"@type\":\"ListItem\",\"position\":2,\"name\":\"Sklep\",\"item\":\"https:\/\/vebiot.pl\/sklep\/\"},{\"@type\":\"ListItem\",\"position\":3,\"name\":\"Arthroxan &#8211; wsparcie funkcjonowania staw\u00f3w dla psa i kota\"}]},{\"@type\":\"WebSite\",\"@id\":\"https:\/\/vebiot.pl\/#website\",\"url\":\"https:\/\/vebiot.pl\/\",\"name\":\"Vebiot - zadbaj o zdrowie swojego pupila\",\"description\":\"Marka Vebiot nale\u017c\u0105ca do grupy Olimp-Nutrifarm to specjalistyczna linia preparat\u00f3w weterynaryjnych.  Produkty Vebiot wspieraj\u0105 zdrowie Twojego pupila na ka\u017cdym etapie jego rozwoju.\",\"publisher\":{\"@id\":\"https:\/\/vebiot.pl\/#organization\"},\"potentialAction\":[{\"@type\":\"SearchAction\",\"target\":{\"@type\":\"EntryPoint\",\"urlTemplate\":\"https:\/\/vebiot.pl\/?s={search_term_string}\"},\"query-input\":{\"@type\":\"PropertyValueSpecification\",\"valueRequired\":true,\"valueName\":\"search_term_string\"}}],\"inLanguage\":\"en-GB\"},{\"@type\":\"Organization\",\"@id\":\"https:\/\/vebiot.pl\/#organization\",\"name\":\"Vebiot - zadbaj o zdrowie swojego pupila\",\"url\":\"https:\/\/vebiot.pl\/\",\"logo\":{\"@type\":\"ImageObject\",\"inLanguage\":\"en-GB\",\"@id\":\"https:\/\/vebiot.pl\/#\/schema\/logo\/image\/\",\"url\":\"https:\/\/vebiot.pl\/wp-content\/uploads\/2023\/05\/logo_vebiot_niebieskie.png\",\"contentUrl\":\"https:\/\/vebiot.pl\/wp-content\/uploads\/2023\/05\/logo_vebiot_niebieskie.png\",\"width\":479,\"height\":110,\"caption\":\"Vebiot - zadbaj o zdrowie swojego pupila\"},\"image\":{\"@id\":\"https:\/\/vebiot.pl\/#\/schema\/logo\/image\/\"},\"sameAs\":[\"https:\/\/www.facebook.com\/vebiot\",\"https:\/\/www.instagram.com\/vebiot_official\/\",\"https:\/\/www.youtube.com\/channel\/UCBVg1YsHz8NGtchHnOqXDfw\",\"https:\/\/www.tiktok.com\/@vebiot\"]}]}<\/script>\n<!-- \/ Yoast SEO plugin. -->","yoast_head_json":{"title":"Arthroxan - Preparat na stawy dla psa i kota | Wspomaga zdrowe stawy","description":"Arthroxan to preparat dla ps\u00f3w i kot\u00f3w, wspieraj\u0105cy zdrowie staw\u00f3w. Zawiera natywny kolagen typu II, glukozamin\u0119 krystaliczn\u0105, chondroityn\u0119 i kwas hialuronowy. Wspiera elastyczno\u015b\u0107 i ruchomo\u015b\u0107 staw\u00f3w","robots":{"index":"index","follow":"follow","max-snippet":"max-snippet:-1","max-image-preview":"max-image-preview:large","max-video-preview":"max-video-preview:-1"},"canonical":"https:\/\/vebiot.pl\/en\/sklep\/arthroxan-60-tabletek\/","og_locale":"en_GB","og_type":"article","og_title":"Arthroxan - Preparat na stawy dla psa i kota | Wspomaga zdrowe stawy","og_description":"Arthroxan to preparat dla ps\u00f3w i kot\u00f3w, wspieraj\u0105cy zdrowie staw\u00f3w. Zawiera natywny kolagen typu II, glukozamin\u0119 krystaliczn\u0105, chondroityn\u0119 i kwas hialuronowy. Wspiera elastyczno\u015b\u0107 i ruchomo\u015b\u0107 staw\u00f3w","og_url":"https:\/\/vebiot.pl\/en\/sklep\/arthroxan-60-tabletek\/","og_site_name":"Vebiot - zadbaj o zdrowie swojego pupila","article_publisher":"https:\/\/www.facebook.com\/vebiot","article_modified_time":"2026-04-10T10:44:21+00:00","og_image":[{"width":2000,"height":2000,"url":"https:\/\/vebiot.pl\/wp-content\/uploads\/2023\/05\/Arthroxan_kartonik-1.png","type":"image\/png"}],"twitter_card":"summary_large_image","twitter_misc":{"Estimated reading time":"3 minutes"},"schema":{"@context":"https:\/\/schema.org","@graph":[{"@type":"WebPage","@id":"https:\/\/vebiot.pl\/sklep\/arthroxan-60-tabletek\/","url":"https:\/\/vebiot.pl\/sklep\/arthroxan-60-tabletek\/","name":"Arthroxan - Preparat na stawy dla psa i kota | Wspomaga zdrowe stawy","isPartOf":{"@id":"https:\/\/vebiot.pl\/#website"},"primaryImageOfPage":{"@id":"https:\/\/vebiot.pl\/sklep\/arthroxan-60-tabletek\/#primaryimage"},"image":{"@id":"https:\/\/vebiot.pl\/sklep\/arthroxan-60-tabletek\/#primaryimage"},"thumbnailUrl":"https:\/\/vebiot.pl\/wp-content\/uploads\/2023\/05\/Arthroxan_kartonik-1.png","datePublished":"2023-05-19T06:55:44+00:00","dateModified":"2026-04-10T10:44:21+00:00","description":"Arthroxan to preparat dla ps\u00f3w i kot\u00f3w, wspieraj\u0105cy zdrowie staw\u00f3w. Zawiera natywny kolagen typu II, glukozamin\u0119 krystaliczn\u0105, chondroityn\u0119 i kwas hialuronowy. Wspiera elastyczno\u015b\u0107 i ruchomo\u015b\u0107 staw\u00f3w","breadcrumb":{"@id":"https:\/\/vebiot.pl\/sklep\/arthroxan-60-tabletek\/#breadcrumb"},"inLanguage":"en-GB","potentialAction":[{"@type":"ReadAction","target":["https:\/\/vebiot.pl\/sklep\/arthroxan-60-tabletek\/"]}]},{"@type":"ImageObject","inLanguage":"en-GB","@id":"https:\/\/vebiot.pl\/sklep\/arthroxan-60-tabletek\/#primaryimage","url":"https:\/\/vebiot.pl\/wp-content\/uploads\/2023\/05\/Arthroxan_kartonik-1.png","contentUrl":"https:\/\/vebiot.pl\/wp-content\/uploads\/2023\/05\/Arthroxan_kartonik-1.png","width":2000,"height":2000},{"@type":"BreadcrumbList","@id":"https:\/\/vebiot.pl\/sklep\/arthroxan-60-tabletek\/#breadcrumb","itemListElement":[{"@type":"ListItem","position":1,"name":"Home","item":"https:\/\/vebiot.pl\/"},{"@type":"ListItem","position":2,"name":"Sklep","item":"https:\/\/vebiot.pl\/sklep\/"},{"@type":"ListItem","position":3,"name":"Arthroxan &#8211; wsparcie funkcjonowania staw\u00f3w dla psa i kota"}]},{"@type":"WebSite","@id":"https:\/\/vebiot.pl\/#website","url":"https:\/\/vebiot.pl\/","name":"Vebiot - zadbaj o zdrowie swojego pupila","description":"Marka Vebiot nale\u017c\u0105ca do grupy Olimp-Nutrifarm to specjalistyczna linia preparat\u00f3w weterynaryjnych.  Produkty Vebiot wspieraj\u0105 zdrowie Twojego pupila na ka\u017cdym etapie jego rozwoju.","publisher":{"@id":"https:\/\/vebiot.pl\/#organization"},"potentialAction":[{"@type":"SearchAction","target":{"@type":"EntryPoint","urlTemplate":"https:\/\/vebiot.pl\/?s={search_term_string}"},"query-input":{"@type":"PropertyValueSpecification","valueRequired":true,"valueName":"search_term_string"}}],"inLanguage":"en-GB"},{"@type":"Organization","@id":"https:\/\/vebiot.pl\/#organization","name":"Vebiot - zadbaj o zdrowie swojego pupila","url":"https:\/\/vebiot.pl\/","logo":{"@type":"ImageObject","inLanguage":"en-GB","@id":"https:\/\/vebiot.pl\/#\/schema\/logo\/image\/","url":"https:\/\/vebiot.pl\/wp-content\/uploads\/2023\/05\/logo_vebiot_niebieskie.png","contentUrl":"https:\/\/vebiot.pl\/wp-content\/uploads\/2023\/05\/logo_vebiot_niebieskie.png","width":479,"height":110,"caption":"Vebiot - zadbaj o zdrowie swojego pupila"},"image":{"@id":"https:\/\/vebiot.pl\/#\/schema\/logo\/image\/"},"sameAs":["https:\/\/www.facebook.com\/vebiot","https:\/\/www.instagram.com\/vebiot_official\/","https:\/\/www.youtube.com\/channel\/UCBVg1YsHz8NGtchHnOqXDfw","https:\/\/www.tiktok.com\/@vebiot"]}]}},"_links":{"self":[{"href":"https:\/\/vebiot.pl\/en\/wp-json\/wp\/v2\/product\/19450","targetHints":{"allow":["GET"]}}],"collection":[{"href":"https:\/\/vebiot.pl\/en\/wp-json\/wp\/v2\/product"}],"about":[{"href":"https:\/\/vebiot.pl\/en\/wp-json\/wp\/v2\/types\/product"}],"replies":[{"embeddable":true,"href":"https:\/\/vebiot.pl\/en\/wp-json\/wp\/v2\/comments?post=19450"}],"wp:featuredmedia":[{"embeddable":true,"href":"https:\/\/vebiot.pl\/en\/wp-json\/wp\/v2\/media\/26137"}],"wp:attachment":[{"href":"https:\/\/vebiot.pl\/en\/wp-json\/wp\/v2\/media?parent=19450"}],"wp:term":[{"taxonomy":"product_cat","embeddable":true,"href":"https:\/\/vebiot.pl\/en\/wp-json\/wp\/v2\/product_cat?post=19450"},{"taxonomy":"product_tag","embeddable":true,"href":"https:\/\/vebiot.pl\/en\/wp-json\/wp\/v2\/product_tag?post=19450"}],"curies":[{"name":"wp","href":"https:\/\/api.w.org\/{rel}","templated":true}]}}