{"id":7,"date":"2023-05-17T13:15:39","date_gmt":"2023-05-17T11:15:39","guid":{"rendered":"https:\/\/wordpress.vebiot-wordpress.centuria.pl\/?page_id=7"},"modified":"2023-05-30T13:27:28","modified_gmt":"2023-05-30T11:27:28","slug":"koszyk","status":"publish","type":"page","link":"https:\/\/vebiot.pl\/en\/koszyk\/","title":{"rendered":"Koszyk"},"content":{"rendered":"","protected":false},"excerpt":{"rendered":"","protected":false},"author":1,"featured_media":0,"parent":0,"menu_order":0,"comment_status":"closed","ping_status":"closed","template":"","meta":{"inline_featured_image":false,"footnotes":""},"class_list":["post-7","page","type-page","status-publish","hentry"],"yoast_head":"<!-- This site is optimized with the Yoast SEO plugin v26.4 - https:\/\/yoast.com\/wordpress\/plugins\/seo\/ -->\n<title>Koszyk - Vebiot - zadbaj o zdrowie swojego pupila<\/title>\n<meta name=\"robots\" content=\"index, follow, max-snippet:-1, max-image-preview:large, max-video-preview:-1\" \/>\n<link rel=\"canonical\" href=\"https:\/\/vebiot.pl\/en\/koszyk\/\" \/>\n<meta property=\"og:locale\" content=\"en_GB\" \/>\n<meta property=\"og:type\" content=\"article\" \/>\n<meta property=\"og:title\" content=\"Koszyk - Vebiot - zadbaj o zdrowie swojego pupila\" \/>\n<meta property=\"og:url\" content=\"https:\/\/vebiot.pl\/en\/koszyk\/\" \/>\n<meta property=\"og:site_name\" content=\"Vebiot - zadbaj o zdrowie swojego pupila\" \/>\n<meta property=\"article:publisher\" content=\"https:\/\/www.facebook.com\/vebiot\" \/>\n<meta property=\"article:modified_time\" content=\"2023-05-30T11:27:28+00:00\" \/>\n<meta name=\"twitter:card\" content=\"summary_large_image\" \/>\n<meta name=\"twitter:label1\" content=\"Estimated reading time\" \/>\n\t<meta name=\"twitter:data1\" content=\"1 minute\" \/>\n<script type=\"application\/ld+json\" class=\"yoast-schema-graph\">{\"@context\":\"https:\/\/schema.org\",\"@graph\":[{\"@type\":\"WebPage\",\"@id\":\"https:\/\/vebiot.pl\/koszyk\/\",\"url\":\"https:\/\/vebiot.pl\/koszyk\/\",\"name\":\"Koszyk - Vebiot - zadbaj o zdrowie swojego pupila\",\"isPartOf\":{\"@id\":\"https:\/\/vebiot.pl\/#website\"},\"datePublished\":\"2023-05-17T11:15:39+00:00\",\"dateModified\":\"2023-05-30T11:27:28+00:00\",\"breadcrumb\":{\"@id\":\"https:\/\/vebiot.pl\/koszyk\/#breadcrumb\"},\"inLanguage\":\"en-GB\",\"potentialAction\":[{\"@type\":\"ReadAction\",\"target\":[\"https:\/\/vebiot.pl\/koszyk\/\"]}]},{\"@type\":\"BreadcrumbList\",\"@id\":\"https:\/\/vebiot.pl\/koszyk\/#breadcrumb\",\"itemListElement\":[{\"@type\":\"ListItem\",\"position\":1,\"name\":\"Home\",\"item\":\"https:\/\/vebiot.pl\/\"},{\"@type\":\"ListItem\",\"position\":2,\"name\":\"Koszyk\"}]},{\"@type\":\"WebSite\",\"@id\":\"https:\/\/vebiot.pl\/#website\",\"url\":\"https:\/\/vebiot.pl\/\",\"name\":\"Vebiot - zadbaj o zdrowie swojego pupila\",\"description\":\"Marka Vebiot nale\u017c\u0105ca do grupy Olimp-Nutrifarm to specjalistyczna linia preparat\u00f3w weterynaryjnych.  Produkty Vebiot wspieraj\u0105 zdrowie Twojego pupila na ka\u017cdym etapie jego rozwoju.\",\"publisher\":{\"@id\":\"https:\/\/vebiot.pl\/#organization\"},\"potentialAction\":[{\"@type\":\"SearchAction\",\"target\":{\"@type\":\"EntryPoint\",\"urlTemplate\":\"https:\/\/vebiot.pl\/?s={search_term_string}\"},\"query-input\":{\"@type\":\"PropertyValueSpecification\",\"valueRequired\":true,\"valueName\":\"search_term_string\"}}],\"inLanguage\":\"en-GB\"},{\"@type\":\"Organization\",\"@id\":\"https:\/\/vebiot.pl\/#organization\",\"name\":\"Vebiot - zadbaj o zdrowie swojego pupila\",\"url\":\"https:\/\/vebiot.pl\/\",\"logo\":{\"@type\":\"ImageObject\",\"inLanguage\":\"en-GB\",\"@id\":\"https:\/\/vebiot.pl\/#\/schema\/logo\/image\/\",\"url\":\"https:\/\/vebiot.pl\/wp-content\/uploads\/2023\/05\/logo_vebiot_niebieskie.png\",\"contentUrl\":\"https:\/\/vebiot.pl\/wp-content\/uploads\/2023\/05\/logo_vebiot_niebieskie.png\",\"width\":479,\"height\":110,\"caption\":\"Vebiot - zadbaj o zdrowie swojego pupila\"},\"image\":{\"@id\":\"https:\/\/vebiot.pl\/#\/schema\/logo\/image\/\"},\"sameAs\":[\"https:\/\/www.facebook.com\/vebiot\",\"https:\/\/www.instagram.com\/vebiot_official\/\",\"https:\/\/www.youtube.com\/channel\/UCBVg1YsHz8NGtchHnOqXDfw\",\"https:\/\/www.tiktok.com\/@vebiot\"]}]}<\/script>\n<!-- \/ Yoast SEO plugin. -->","yoast_head_json":{"title":"Koszyk - Vebiot - zadbaj o zdrowie swojego pupila","robots":{"index":"index","follow":"follow","max-snippet":"max-snippet:-1","max-image-preview":"max-image-preview:large","max-video-preview":"max-video-preview:-1"},"canonical":"https:\/\/vebiot.pl\/en\/koszyk\/","og_locale":"en_GB","og_type":"article","og_title":"Koszyk - Vebiot - zadbaj o zdrowie swojego pupila","og_url":"https:\/\/vebiot.pl\/en\/koszyk\/","og_site_name":"Vebiot - zadbaj o zdrowie swojego pupila","article_publisher":"https:\/\/www.facebook.com\/vebiot","article_modified_time":"2023-05-30T11:27:28+00:00","twitter_card":"summary_large_image","twitter_misc":{"Estimated reading time":"1 minute"},"schema":{"@context":"https:\/\/schema.org","@graph":[{"@type":"WebPage","@id":"https:\/\/vebiot.pl\/koszyk\/","url":"https:\/\/vebiot.pl\/koszyk\/","name":"Koszyk - Vebiot - zadbaj o zdrowie swojego pupila","isPartOf":{"@id":"https:\/\/vebiot.pl\/#website"},"datePublished":"2023-05-17T11:15:39+00:00","dateModified":"2023-05-30T11:27:28+00:00","breadcrumb":{"@id":"https:\/\/vebiot.pl\/koszyk\/#breadcrumb"},"inLanguage":"en-GB","potentialAction":[{"@type":"ReadAction","target":["https:\/\/vebiot.pl\/koszyk\/"]}]},{"@type":"BreadcrumbList","@id":"https:\/\/vebiot.pl\/koszyk\/#breadcrumb","itemListElement":[{"@type":"ListItem","position":1,"name":"Home","item":"https:\/\/vebiot.pl\/"},{"@type":"ListItem","position":2,"name":"Koszyk"}]},{"@type":"WebSite","@id":"https:\/\/vebiot.pl\/#website","url":"https:\/\/vebiot.pl\/","name":"Vebiot - zadbaj o zdrowie swojego pupila","description":"Marka Vebiot nale\u017c\u0105ca do grupy Olimp-Nutrifarm to specjalistyczna linia preparat\u00f3w weterynaryjnych.  Produkty Vebiot wspieraj\u0105 zdrowie Twojego pupila na ka\u017cdym etapie jego rozwoju.","publisher":{"@id":"https:\/\/vebiot.pl\/#organization"},"potentialAction":[{"@type":"SearchAction","target":{"@type":"EntryPoint","urlTemplate":"https:\/\/vebiot.pl\/?s={search_term_string}"},"query-input":{"@type":"PropertyValueSpecification","valueRequired":true,"valueName":"search_term_string"}}],"inLanguage":"en-GB"},{"@type":"Organization","@id":"https:\/\/vebiot.pl\/#organization","name":"Vebiot - zadbaj o zdrowie swojego pupila","url":"https:\/\/vebiot.pl\/","logo":{"@type":"ImageObject","inLanguage":"en-GB","@id":"https:\/\/vebiot.pl\/#\/schema\/logo\/image\/","url":"https:\/\/vebiot.pl\/wp-content\/uploads\/2023\/05\/logo_vebiot_niebieskie.png","contentUrl":"https:\/\/vebiot.pl\/wp-content\/uploads\/2023\/05\/logo_vebiot_niebieskie.png","width":479,"height":110,"caption":"Vebiot - zadbaj o zdrowie swojego pupila"},"image":{"@id":"https:\/\/vebiot.pl\/#\/schema\/logo\/image\/"},"sameAs":["https:\/\/www.facebook.com\/vebiot","https:\/\/www.instagram.com\/vebiot_official\/","https:\/\/www.youtube.com\/channel\/UCBVg1YsHz8NGtchHnOqXDfw","https:\/\/www.tiktok.com\/@vebiot"]}]}},"_links":{"self":[{"href":"https:\/\/vebiot.pl\/en\/wp-json\/wp\/v2\/pages\/7","targetHints":{"allow":["GET"]}}],"collection":[{"href":"https:\/\/vebiot.pl\/en\/wp-json\/wp\/v2\/pages"}],"about":[{"href":"https:\/\/vebiot.pl\/en\/wp-json\/wp\/v2\/types\/page"}],"author":[{"embeddable":true,"href":"https:\/\/vebiot.pl\/en\/wp-json\/wp\/v2\/users\/1"}],"replies":[{"embeddable":true,"href":"https:\/\/vebiot.pl\/en\/wp-json\/wp\/v2\/comments?post=7"}],"version-history":[{"count":2,"href":"https:\/\/vebiot.pl\/en\/wp-json\/wp\/v2\/pages\/7\/revisions"}],"predecessor-version":[{"id":20097,"href":"https:\/\/vebiot.pl\/en\/wp-json\/wp\/v2\/pages\/7\/revisions\/20097"}],"wp:attachment":[{"href":"https:\/\/vebiot.pl\/en\/wp-json\/wp\/v2\/media?parent=7"}],"curies":[{"name":"wp","href":"https:\/\/api.w.org\/{rel}","templated":true}]}}