{"id":22037,"date":"2024-09-25T13:37:16","date_gmt":"2024-09-25T11:37:16","guid":{"rendered":"https:\/\/vebiot.pl\/?page_id=22037"},"modified":"2024-09-25T13:40:17","modified_gmt":"2024-09-25T11:40:17","slug":"procedura-zgloszen-wewnetrznych","status":"publish","type":"page","link":"https:\/\/vebiot.pl\/en\/procedura-zgloszen-wewnetrznych\/","title":{"rendered":"Procedura zg\u0142osze\u0144 wewn\u0119trznych"},"content":{"rendered":"<p>Na tej stronie znajdziesz procedur\u0119 wewn\u0119trzn\u0105 zg\u0142osze\u0144 narusze\u0144 prawa przez sygnalist\u00f3w obowi\u0105zuj\u0105c\u0105 w firmie &#8222;NUTRIFARM&#8221; Sp\u00f3\u0142ka z ograniczon\u0105 odpowiedzialno\u015bci\u0105 z siedzib\u0105 w Pustyni, adres: Pustynia 84G, 39-200 D\u0119bica, wpisan\u0105 do Rejestru Przedsi\u0119biorc\u00f3w Krajowego Rejestru S\u0105dowego prowadzonego przez S\u0105d Rejonowy w Rzeszowie XII Wydzia\u0142 Gospodarczy Krajowego Rejestru S\u0105dowego pod numerem KRS: 0000234182, REGON: 180037377, NIP: 8722235030. Ze szczeg\u00f3\u0142owymi regulacjami odnosz\u0105cymi si\u0119 do zg\u0142osze\u0144 narusze\u0144 prawa zapoznasz si\u0119 w poni\u017cszej procedurze, a tu g\u0142\u00f3wne kwestia, kt\u00f3re maj\u0105 pierwszorz\u0119dne znaczenie:<\/p>\n\n\n\n<ol class=\"wp-block-list\">\n<li>Zg\u0142osze\u0144 w ramach Procedury Wewn\u0119trznej mo\u017cna dokonywa\u0107 pisemnie na adres : NUTRIFARM Sp. z o o Pustynia 84 G, 39 -200 D\u0119bica ( z dopiskiem DO R\u0104K W\u0141ASNYCH PE\u0141NOMOCNIKA DS. ZG\u0141OSZE\u0143 ) lub osobi\u015bcie w trakcie spotkania z Pe\u0142nomocnikiem ds. Zg\u0142osze\u0144 ( tel. kontaktowy 608&nbsp;025&nbsp;371).<\/li>\n\n\n\n<li>W naszej firmie nie nadajemy biegu w oparciu o ustaw\u0119 o sygnalistach zg\u0142oszeniom anonimowym. Niemniej, rzecz jasna, tak\u017ce takie zg\u0142oszenia traktujemy powa\u017cnie i je analizujemy.<\/li>\n\n\n\n<li>Osoby, kt\u00f3re mog\u0105 uzyska\u0107 status sygnalisty to bardzo szeroki kr\u0105g os\u00f3b wsp\u00f3\u0142pracuj\u0105cych z nasz\u0105 firm\u0105. Wa\u017cnym jest, aby informacje, kt\u00f3re chcesz zg\u0142osi\u0107 by\u0142y przez Ciebie pozyskane w zwi\u0105zku z prac\u0105. Ochronie nie podlegaj\u0105 natomiast mi\u0119dzy innymi zg\u0142oszenia, kt\u00f3re s\u0105 oparte z informacji pozyskanych na skutek przest\u0119pstwa.<\/li>\n\n\n\n<li>Naruszenia prawa, kt\u00f3rych zg\u0142oszenie pozwala uzyska\u0107 status sygnalisty to bardzo szeroki katalog ustaw od regulacji dotycz\u0105cych korupcji zaczynaj\u0105c, przez przeciwdzia\u0142anie praniu pieni\u0119dzy id\u0105c, a na ochronie danych osobowych ko\u0144cz\u0105c. Pami\u0119taj jednak, \u017ce nie ka\u017cde naruszenie daje podstaw\u0119 do uznania Ci\u0119 za sygnalist\u0119. Dla przyk\u0142adu, zg\u0142oszenie ewentualnych nieprawid\u0142owo\u015bci dotycz\u0105cych prawa pracy nie daje takiej podstawy, co rzecz jasna nie oznacza, \u017ce nasza firma nie przeanalizuje przekazanych w takim zg\u0142oszeniu informacji.<\/li>\n\n\n\n<li>Zg\u0142oszone w dobrej wierze, w celu wyeliminowania wykrytych narusze\u0144, naruszenia prawa w oparciu o ustaw\u0119 o ochronie sygnalist\u00f3w da osobie dokonuj\u0105cej zg\u0142oszenia ochron\u0119 przed dzia\u0142aniami odwetowymi. Pami\u0119taj jednak, \u017ce w przypadku dokonania takiego zg\u0142oszenia bez realnych podstaw, albo wr\u0119cz w celu zaszkodzenia danej osobie mo\u017ce doprowadzi\u0107 do odpowiedzialno\u015bci cywilnej zg\u0142aszaj\u0105cego, a nie jest wykluczona tak\u017ce odpowiedzialno\u015b\u0107 karna.<\/li>\n<\/ol>\n\n\n\n<p>Powy\u017cej przedstawili\u015bmy jedynie najwa\u017cniejsze naszym zdaniem kwestie zwi\u0105zane z obowi\u0105zuj\u0105c\u0105 w &#8222;NUTRIFARM &#8221; Sp\u00f3\u0142ka z ograniczon\u0105 odpowiedzialno\u015bci\u0105 z siedzib\u0105 w Pustyni procedur\u0105 zg\u0142osze\u0144 wewn\u0119trznych. Tu natomiast mo\u017cesz pozna\u0107 wszystkie jej szczeg\u00f3\u0142y. Pami\u0119taj te\u017c, \u017ce nasza procedura nie ma na celu powtarzania ustawy o ochronie sygnalist\u00f3w, wi\u0119c pr\u00f3cz tre\u015bci procedury zg\u0142osze\u0144 wewn\u0119trznych zastosowanie maj\u0105 te\u017c rzecz jasna przepisy ustawy.<\/p>\n\n\n\n<p>Do pobrania:<\/p>\n\n\n\n<p><a href=\"https:\/\/vebiot.pl\/wp-content\/uploads\/2024\/09\/Procedura-Zgloszen-Wewnetrznych-Nutrifarm.pdf\" download=\"\">Procedura Zg\u0142osze\u0144 Wewn\u0119trznych<\/a><\/p>","protected":false},"excerpt":{"rendered":"<p>Na tej stronie znajdziesz procedur\u0119 wewn\u0119trzn\u0105 zg\u0142osze\u0144 narusze\u0144 prawa przez sygnalist\u00f3w obowi\u0105zuj\u0105c\u0105 w firmie &#8222;NUTRIFARM&#8221; Sp\u00f3\u0142ka z ograniczon\u0105 odpowiedzialno\u015bci\u0105 z siedzib\u0105 w Pustyni, adres: Pustynia 84G, 39-200 D\u0119bica, wpisan\u0105 do Rejestru Przedsi\u0119biorc\u00f3w Krajowego Rejestru S\u0105dowego prowadzonego przez S\u0105d Rejonowy w Rzeszowie XII Wydzia\u0142 Gospodarczy Krajowego Rejestru S\u0105dowego pod numerem KRS: 0000234182, REGON: 180037377, NIP: 8722235030. [&hellip;]<\/p>","protected":false},"author":1,"featured_media":0,"parent":0,"menu_order":0,"comment_status":"closed","ping_status":"closed","template":"","meta":{"inline_featured_image":false,"footnotes":""},"class_list":["post-22037","page","type-page","status-publish","hentry"],"yoast_head":"<!-- This site is optimized with the Yoast SEO plugin v26.4 - https:\/\/yoast.com\/wordpress\/plugins\/seo\/ -->\n<title>Procedura zg\u0142osze\u0144 wewn\u0119trznych - Vebiot - zadbaj o zdrowie swojego pupila<\/title>\n<meta name=\"robots\" content=\"index, follow, max-snippet:-1, max-image-preview:large, max-video-preview:-1\" \/>\n<link rel=\"canonical\" href=\"https:\/\/vebiot.pl\/en\/procedura-zgloszen-wewnetrznych\/\" \/>\n<meta property=\"og:locale\" content=\"en_GB\" \/>\n<meta property=\"og:type\" content=\"article\" \/>\n<meta property=\"og:title\" content=\"Procedura zg\u0142osze\u0144 wewn\u0119trznych - Vebiot - zadbaj o zdrowie swojego pupila\" \/>\n<meta property=\"og:description\" content=\"Na tej stronie znajdziesz procedur\u0119 wewn\u0119trzn\u0105 zg\u0142osze\u0144 narusze\u0144 prawa przez sygnalist\u00f3w obowi\u0105zuj\u0105c\u0105 w firmie &#8222;NUTRIFARM&#8221; Sp\u00f3\u0142ka z ograniczon\u0105 odpowiedzialno\u015bci\u0105 z siedzib\u0105 w Pustyni, adres: Pustynia 84G, 39-200 D\u0119bica, wpisan\u0105 do Rejestru Przedsi\u0119biorc\u00f3w Krajowego Rejestru S\u0105dowego prowadzonego przez S\u0105d Rejonowy w Rzeszowie XII Wydzia\u0142 Gospodarczy Krajowego Rejestru S\u0105dowego pod numerem KRS: 0000234182, REGON: 180037377, NIP: 8722235030. [&hellip;]\" \/>\n<meta property=\"og:url\" content=\"https:\/\/vebiot.pl\/en\/procedura-zgloszen-wewnetrznych\/\" \/>\n<meta property=\"og:site_name\" content=\"Vebiot - zadbaj o zdrowie swojego pupila\" \/>\n<meta property=\"article:publisher\" content=\"https:\/\/www.facebook.com\/vebiot\" \/>\n<meta property=\"article:modified_time\" content=\"2024-09-25T11:40:17+00:00\" \/>\n<meta name=\"twitter:card\" content=\"summary_large_image\" \/>\n<meta name=\"twitter:label1\" content=\"Estimated reading time\" \/>\n\t<meta name=\"twitter:data1\" content=\"3 minutes\" \/>\n<script type=\"application\/ld+json\" class=\"yoast-schema-graph\">{\"@context\":\"https:\/\/schema.org\",\"@graph\":[{\"@type\":\"WebPage\",\"@id\":\"https:\/\/vebiot.pl\/procedura-zgloszen-wewnetrznych\/\",\"url\":\"https:\/\/vebiot.pl\/procedura-zgloszen-wewnetrznych\/\",\"name\":\"Procedura zg\u0142osze\u0144 wewn\u0119trznych - Vebiot - zadbaj o zdrowie swojego pupila\",\"isPartOf\":{\"@id\":\"https:\/\/vebiot.pl\/#website\"},\"datePublished\":\"2024-09-25T11:37:16+00:00\",\"dateModified\":\"2024-09-25T11:40:17+00:00\",\"breadcrumb\":{\"@id\":\"https:\/\/vebiot.pl\/procedura-zgloszen-wewnetrznych\/#breadcrumb\"},\"inLanguage\":\"en-GB\",\"potentialAction\":[{\"@type\":\"ReadAction\",\"target\":[\"https:\/\/vebiot.pl\/procedura-zgloszen-wewnetrznych\/\"]}]},{\"@type\":\"BreadcrumbList\",\"@id\":\"https:\/\/vebiot.pl\/procedura-zgloszen-wewnetrznych\/#breadcrumb\",\"itemListElement\":[{\"@type\":\"ListItem\",\"position\":1,\"name\":\"Home\",\"item\":\"https:\/\/vebiot.pl\/\"},{\"@type\":\"ListItem\",\"position\":2,\"name\":\"Procedura zg\u0142osze\u0144 wewn\u0119trznych\"}]},{\"@type\":\"WebSite\",\"@id\":\"https:\/\/vebiot.pl\/#website\",\"url\":\"https:\/\/vebiot.pl\/\",\"name\":\"Vebiot - zadbaj o zdrowie swojego pupila\",\"description\":\"Marka Vebiot nale\u017c\u0105ca do grupy Olimp-Nutrifarm to specjalistyczna linia preparat\u00f3w weterynaryjnych.  Produkty Vebiot wspieraj\u0105 zdrowie Twojego pupila na ka\u017cdym etapie jego rozwoju.\",\"publisher\":{\"@id\":\"https:\/\/vebiot.pl\/#organization\"},\"potentialAction\":[{\"@type\":\"SearchAction\",\"target\":{\"@type\":\"EntryPoint\",\"urlTemplate\":\"https:\/\/vebiot.pl\/?s={search_term_string}\"},\"query-input\":{\"@type\":\"PropertyValueSpecification\",\"valueRequired\":true,\"valueName\":\"search_term_string\"}}],\"inLanguage\":\"en-GB\"},{\"@type\":\"Organization\",\"@id\":\"https:\/\/vebiot.pl\/#organization\",\"name\":\"Vebiot - zadbaj o zdrowie swojego pupila\",\"url\":\"https:\/\/vebiot.pl\/\",\"logo\":{\"@type\":\"ImageObject\",\"inLanguage\":\"en-GB\",\"@id\":\"https:\/\/vebiot.pl\/#\/schema\/logo\/image\/\",\"url\":\"https:\/\/vebiot.pl\/wp-content\/uploads\/2023\/05\/logo_vebiot_niebieskie.png\",\"contentUrl\":\"https:\/\/vebiot.pl\/wp-content\/uploads\/2023\/05\/logo_vebiot_niebieskie.png\",\"width\":479,\"height\":110,\"caption\":\"Vebiot - zadbaj o zdrowie swojego pupila\"},\"image\":{\"@id\":\"https:\/\/vebiot.pl\/#\/schema\/logo\/image\/\"},\"sameAs\":[\"https:\/\/www.facebook.com\/vebiot\",\"https:\/\/www.instagram.com\/vebiot_official\/\",\"https:\/\/www.youtube.com\/channel\/UCBVg1YsHz8NGtchHnOqXDfw\",\"https:\/\/www.tiktok.com\/@vebiot\"]}]}<\/script>\n<!-- \/ Yoast SEO plugin. -->","yoast_head_json":{"title":"Procedura zg\u0142osze\u0144 wewn\u0119trznych - Vebiot - zadbaj o zdrowie swojego pupila","robots":{"index":"index","follow":"follow","max-snippet":"max-snippet:-1","max-image-preview":"max-image-preview:large","max-video-preview":"max-video-preview:-1"},"canonical":"https:\/\/vebiot.pl\/en\/procedura-zgloszen-wewnetrznych\/","og_locale":"en_GB","og_type":"article","og_title":"Procedura zg\u0142osze\u0144 wewn\u0119trznych - Vebiot - zadbaj o zdrowie swojego pupila","og_description":"Na tej stronie znajdziesz procedur\u0119 wewn\u0119trzn\u0105 zg\u0142osze\u0144 narusze\u0144 prawa przez sygnalist\u00f3w obowi\u0105zuj\u0105c\u0105 w firmie &#8222;NUTRIFARM&#8221; Sp\u00f3\u0142ka z ograniczon\u0105 odpowiedzialno\u015bci\u0105 z siedzib\u0105 w Pustyni, adres: Pustynia 84G, 39-200 D\u0119bica, wpisan\u0105 do Rejestru Przedsi\u0119biorc\u00f3w Krajowego Rejestru S\u0105dowego prowadzonego przez S\u0105d Rejonowy w Rzeszowie XII Wydzia\u0142 Gospodarczy Krajowego Rejestru S\u0105dowego pod numerem KRS: 0000234182, REGON: 180037377, NIP: 8722235030. [&hellip;]","og_url":"https:\/\/vebiot.pl\/en\/procedura-zgloszen-wewnetrznych\/","og_site_name":"Vebiot - zadbaj o zdrowie swojego pupila","article_publisher":"https:\/\/www.facebook.com\/vebiot","article_modified_time":"2024-09-25T11:40:17+00:00","twitter_card":"summary_large_image","twitter_misc":{"Estimated reading time":"3 minutes"},"schema":{"@context":"https:\/\/schema.org","@graph":[{"@type":"WebPage","@id":"https:\/\/vebiot.pl\/procedura-zgloszen-wewnetrznych\/","url":"https:\/\/vebiot.pl\/procedura-zgloszen-wewnetrznych\/","name":"Procedura zg\u0142osze\u0144 wewn\u0119trznych - Vebiot - zadbaj o zdrowie swojego pupila","isPartOf":{"@id":"https:\/\/vebiot.pl\/#website"},"datePublished":"2024-09-25T11:37:16+00:00","dateModified":"2024-09-25T11:40:17+00:00","breadcrumb":{"@id":"https:\/\/vebiot.pl\/procedura-zgloszen-wewnetrznych\/#breadcrumb"},"inLanguage":"en-GB","potentialAction":[{"@type":"ReadAction","target":["https:\/\/vebiot.pl\/procedura-zgloszen-wewnetrznych\/"]}]},{"@type":"BreadcrumbList","@id":"https:\/\/vebiot.pl\/procedura-zgloszen-wewnetrznych\/#breadcrumb","itemListElement":[{"@type":"ListItem","position":1,"name":"Home","item":"https:\/\/vebiot.pl\/"},{"@type":"ListItem","position":2,"name":"Procedura zg\u0142osze\u0144 wewn\u0119trznych"}]},{"@type":"WebSite","@id":"https:\/\/vebiot.pl\/#website","url":"https:\/\/vebiot.pl\/","name":"Vebiot - zadbaj o zdrowie swojego pupila","description":"Marka Vebiot nale\u017c\u0105ca do grupy Olimp-Nutrifarm to specjalistyczna linia preparat\u00f3w weterynaryjnych.  Produkty Vebiot wspieraj\u0105 zdrowie Twojego pupila na ka\u017cdym etapie jego rozwoju.","publisher":{"@id":"https:\/\/vebiot.pl\/#organization"},"potentialAction":[{"@type":"SearchAction","target":{"@type":"EntryPoint","urlTemplate":"https:\/\/vebiot.pl\/?s={search_term_string}"},"query-input":{"@type":"PropertyValueSpecification","valueRequired":true,"valueName":"search_term_string"}}],"inLanguage":"en-GB"},{"@type":"Organization","@id":"https:\/\/vebiot.pl\/#organization","name":"Vebiot - zadbaj o zdrowie swojego pupila","url":"https:\/\/vebiot.pl\/","logo":{"@type":"ImageObject","inLanguage":"en-GB","@id":"https:\/\/vebiot.pl\/#\/schema\/logo\/image\/","url":"https:\/\/vebiot.pl\/wp-content\/uploads\/2023\/05\/logo_vebiot_niebieskie.png","contentUrl":"https:\/\/vebiot.pl\/wp-content\/uploads\/2023\/05\/logo_vebiot_niebieskie.png","width":479,"height":110,"caption":"Vebiot - zadbaj o zdrowie swojego pupila"},"image":{"@id":"https:\/\/vebiot.pl\/#\/schema\/logo\/image\/"},"sameAs":["https:\/\/www.facebook.com\/vebiot","https:\/\/www.instagram.com\/vebiot_official\/","https:\/\/www.youtube.com\/channel\/UCBVg1YsHz8NGtchHnOqXDfw","https:\/\/www.tiktok.com\/@vebiot"]}]}},"_links":{"self":[{"href":"https:\/\/vebiot.pl\/en\/wp-json\/wp\/v2\/pages\/22037","targetHints":{"allow":["GET"]}}],"collection":[{"href":"https:\/\/vebiot.pl\/en\/wp-json\/wp\/v2\/pages"}],"about":[{"href":"https:\/\/vebiot.pl\/en\/wp-json\/wp\/v2\/types\/page"}],"author":[{"embeddable":true,"href":"https:\/\/vebiot.pl\/en\/wp-json\/wp\/v2\/users\/1"}],"replies":[{"embeddable":true,"href":"https:\/\/vebiot.pl\/en\/wp-json\/wp\/v2\/comments?post=22037"}],"version-history":[{"count":2,"href":"https:\/\/vebiot.pl\/en\/wp-json\/wp\/v2\/pages\/22037\/revisions"}],"predecessor-version":[{"id":22041,"href":"https:\/\/vebiot.pl\/en\/wp-json\/wp\/v2\/pages\/22037\/revisions\/22041"}],"wp:attachment":[{"href":"https:\/\/vebiot.pl\/en\/wp-json\/wp\/v2\/media?parent=22037"}],"curies":[{"name":"wp","href":"https:\/\/api.w.org\/{rel}","templated":true}]}}