{"id":20680,"date":"2023-10-24T09:42:06","date_gmt":"2023-10-24T07:42:06","guid":{"rendered":"https:\/\/vebiot.pl\/?page_id=20680"},"modified":"2024-03-14T15:45:16","modified_gmt":"2024-03-14T14:45:16","slug":"newsletter","status":"publish","type":"page","link":"https:\/\/vebiot.pl\/en\/newsletter\/","title":{"rendered":"Newsletter"},"content":{"rendered":"<div data-elementor-type=\"wp-page\" data-elementor-id=\"20680\" class=\"elementor elementor-20680\">\n\t\t\t\t\t\t<section class=\"elementor-section elementor-top-section elementor-element elementor-element-81093f1 elementor-section-boxed elementor-section-height-default elementor-section-height-default\" data-id=\"81093f1\" data-element_type=\"section\">\n\t\t\t\t\t\t<div class=\"elementor-container elementor-column-gap-default\">\n\t\t\t\t\t<div class=\"elementor-column elementor-col-100 elementor-top-column elementor-element elementor-element-9ecc4e1\" data-id=\"9ecc4e1\" data-element_type=\"column\">\n\t\t\t<div class=\"elementor-widget-wrap elementor-element-populated\">\n\t\t\t\t\t\t<div class=\"elementor-element elementor-element-2104358 elementor-widget elementor-widget-text-editor\" data-id=\"2104358\" data-element_type=\"widget\" data-widget_type=\"text-editor.default\">\n\t\t\t\t<div class=\"elementor-widget-container\">\n\t\t\t\t\t\t\t<p style=\"text-align: center;\"><em>Informacja: do poprawnego wy\u015bwietlenia si\u0119 formularza zapisu do newsletter wymagana jest zgoda w menad\u017cerze zg\u00f3d cookie na: Statyska oraz Marketing.<\/em><\/p>\t\t\t\t\t\t<\/div>\n\t\t\t\t<\/div>\n\t\t\t\t<div class=\"elementor-element elementor-element-1eb143f elementor-widget elementor-widget-html\" data-id=\"1eb143f\" data-element_type=\"widget\" data-widget_type=\"html.default\">\n\t\t\t\t<div class=\"elementor-widget-container\">\n\t\t\t<getresponse-form form-id=\"994dd712-ef90-4c4e-9919-b4fa05e61ee0\" e=\"0\"><\/getresponse-form>\t\t<\/div>\n\t\t\t\t<\/div>\n\t\t\t\t\t<\/div>\n\t\t<\/div>\n\t\t\t\t\t<\/div>\n\t\t<\/section>\n\t\t\t\t<\/div>","protected":false},"excerpt":{"rendered":"<p>Informacja: do poprawnego wy\u015bwietlenia si\u0119 formularza zapisu do newsletter wymagana jest zgoda w menad\u017cerze zg\u00f3d cookie na: Statyska oraz Marketing.<\/p>","protected":false},"author":2,"featured_media":0,"parent":0,"menu_order":0,"comment_status":"closed","ping_status":"closed","template":"","meta":{"inline_featured_image":false,"footnotes":""},"class_list":["post-20680","page","type-page","status-publish","hentry"],"yoast_head":"<!-- This site is optimized with the Yoast SEO plugin v26.4 - https:\/\/yoast.com\/wordpress\/plugins\/seo\/ -->\n<title>Newsletter - Vebiot - zadbaj o zdrowie swojego pupila<\/title>\n<meta name=\"robots\" content=\"index, follow, max-snippet:-1, max-image-preview:large, max-video-preview:-1\" \/>\n<link rel=\"canonical\" href=\"https:\/\/vebiot.pl\/en\/newsletter\/\" \/>\n<meta property=\"og:locale\" content=\"en_GB\" \/>\n<meta property=\"og:type\" content=\"article\" \/>\n<meta property=\"og:title\" content=\"Newsletter - Vebiot - zadbaj o zdrowie swojego pupila\" \/>\n<meta property=\"og:description\" content=\"Informacja: do poprawnego wy\u015bwietlenia si\u0119 formularza zapisu do newsletter wymagana jest zgoda w menad\u017cerze zg\u00f3d cookie na: Statyska oraz Marketing.\" \/>\n<meta property=\"og:url\" content=\"https:\/\/vebiot.pl\/en\/newsletter\/\" \/>\n<meta property=\"og:site_name\" content=\"Vebiot - zadbaj o zdrowie swojego pupila\" \/>\n<meta property=\"article:publisher\" content=\"https:\/\/www.facebook.com\/vebiot\" \/>\n<meta property=\"article:modified_time\" content=\"2024-03-14T14:45:16+00:00\" \/>\n<meta name=\"twitter:card\" content=\"summary_large_image\" \/>\n<meta name=\"twitter:label1\" content=\"Estimated reading time\" \/>\n\t<meta name=\"twitter:data1\" content=\"1 minute\" \/>\n<script type=\"application\/ld+json\" class=\"yoast-schema-graph\">{\"@context\":\"https:\/\/schema.org\",\"@graph\":[{\"@type\":\"WebPage\",\"@id\":\"https:\/\/vebiot.pl\/newsletter\/\",\"url\":\"https:\/\/vebiot.pl\/newsletter\/\",\"name\":\"Newsletter - Vebiot - zadbaj o zdrowie swojego pupila\",\"isPartOf\":{\"@id\":\"https:\/\/vebiot.pl\/#website\"},\"datePublished\":\"2023-10-24T07:42:06+00:00\",\"dateModified\":\"2024-03-14T14:45:16+00:00\",\"breadcrumb\":{\"@id\":\"https:\/\/vebiot.pl\/newsletter\/#breadcrumb\"},\"inLanguage\":\"en-GB\",\"potentialAction\":[{\"@type\":\"ReadAction\",\"target\":[\"https:\/\/vebiot.pl\/newsletter\/\"]}]},{\"@type\":\"BreadcrumbList\",\"@id\":\"https:\/\/vebiot.pl\/newsletter\/#breadcrumb\",\"itemListElement\":[{\"@type\":\"ListItem\",\"position\":1,\"name\":\"Home\",\"item\":\"https:\/\/vebiot.pl\/\"},{\"@type\":\"ListItem\",\"position\":2,\"name\":\"Newsletter\"}]},{\"@type\":\"WebSite\",\"@id\":\"https:\/\/vebiot.pl\/#website\",\"url\":\"https:\/\/vebiot.pl\/\",\"name\":\"Vebiot - zadbaj o zdrowie swojego pupila\",\"description\":\"Marka Vebiot nale\u017c\u0105ca do grupy Olimp-Nutrifarm to specjalistyczna linia preparat\u00f3w weterynaryjnych.  Produkty Vebiot wspieraj\u0105 zdrowie Twojego pupila na ka\u017cdym etapie jego rozwoju.\",\"publisher\":{\"@id\":\"https:\/\/vebiot.pl\/#organization\"},\"potentialAction\":[{\"@type\":\"SearchAction\",\"target\":{\"@type\":\"EntryPoint\",\"urlTemplate\":\"https:\/\/vebiot.pl\/?s={search_term_string}\"},\"query-input\":{\"@type\":\"PropertyValueSpecification\",\"valueRequired\":true,\"valueName\":\"search_term_string\"}}],\"inLanguage\":\"en-GB\"},{\"@type\":\"Organization\",\"@id\":\"https:\/\/vebiot.pl\/#organization\",\"name\":\"Vebiot - zadbaj o zdrowie swojego pupila\",\"url\":\"https:\/\/vebiot.pl\/\",\"logo\":{\"@type\":\"ImageObject\",\"inLanguage\":\"en-GB\",\"@id\":\"https:\/\/vebiot.pl\/#\/schema\/logo\/image\/\",\"url\":\"https:\/\/vebiot.pl\/wp-content\/uploads\/2023\/05\/logo_vebiot_niebieskie.png\",\"contentUrl\":\"https:\/\/vebiot.pl\/wp-content\/uploads\/2023\/05\/logo_vebiot_niebieskie.png\",\"width\":479,\"height\":110,\"caption\":\"Vebiot - zadbaj o zdrowie swojego pupila\"},\"image\":{\"@id\":\"https:\/\/vebiot.pl\/#\/schema\/logo\/image\/\"},\"sameAs\":[\"https:\/\/www.facebook.com\/vebiot\",\"https:\/\/www.instagram.com\/vebiot_official\/\",\"https:\/\/www.youtube.com\/channel\/UCBVg1YsHz8NGtchHnOqXDfw\",\"https:\/\/www.tiktok.com\/@vebiot\"]}]}<\/script>\n<!-- \/ Yoast SEO plugin. -->","yoast_head_json":{"title":"Newsletter - Vebiot - zadbaj o zdrowie swojego pupila","robots":{"index":"index","follow":"follow","max-snippet":"max-snippet:-1","max-image-preview":"max-image-preview:large","max-video-preview":"max-video-preview:-1"},"canonical":"https:\/\/vebiot.pl\/en\/newsletter\/","og_locale":"en_GB","og_type":"article","og_title":"Newsletter - Vebiot - zadbaj o zdrowie swojego pupila","og_description":"Informacja: do poprawnego wy\u015bwietlenia si\u0119 formularza zapisu do newsletter wymagana jest zgoda w menad\u017cerze zg\u00f3d cookie na: Statyska oraz Marketing.","og_url":"https:\/\/vebiot.pl\/en\/newsletter\/","og_site_name":"Vebiot - zadbaj o zdrowie swojego pupila","article_publisher":"https:\/\/www.facebook.com\/vebiot","article_modified_time":"2024-03-14T14:45:16+00:00","twitter_card":"summary_large_image","twitter_misc":{"Estimated reading time":"1 minute"},"schema":{"@context":"https:\/\/schema.org","@graph":[{"@type":"WebPage","@id":"https:\/\/vebiot.pl\/newsletter\/","url":"https:\/\/vebiot.pl\/newsletter\/","name":"Newsletter - Vebiot - zadbaj o zdrowie swojego pupila","isPartOf":{"@id":"https:\/\/vebiot.pl\/#website"},"datePublished":"2023-10-24T07:42:06+00:00","dateModified":"2024-03-14T14:45:16+00:00","breadcrumb":{"@id":"https:\/\/vebiot.pl\/newsletter\/#breadcrumb"},"inLanguage":"en-GB","potentialAction":[{"@type":"ReadAction","target":["https:\/\/vebiot.pl\/newsletter\/"]}]},{"@type":"BreadcrumbList","@id":"https:\/\/vebiot.pl\/newsletter\/#breadcrumb","itemListElement":[{"@type":"ListItem","position":1,"name":"Home","item":"https:\/\/vebiot.pl\/"},{"@type":"ListItem","position":2,"name":"Newsletter"}]},{"@type":"WebSite","@id":"https:\/\/vebiot.pl\/#website","url":"https:\/\/vebiot.pl\/","name":"Vebiot - zadbaj o zdrowie swojego pupila","description":"Marka Vebiot nale\u017c\u0105ca do grupy Olimp-Nutrifarm to specjalistyczna linia preparat\u00f3w weterynaryjnych.  Produkty Vebiot wspieraj\u0105 zdrowie Twojego pupila na ka\u017cdym etapie jego rozwoju.","publisher":{"@id":"https:\/\/vebiot.pl\/#organization"},"potentialAction":[{"@type":"SearchAction","target":{"@type":"EntryPoint","urlTemplate":"https:\/\/vebiot.pl\/?s={search_term_string}"},"query-input":{"@type":"PropertyValueSpecification","valueRequired":true,"valueName":"search_term_string"}}],"inLanguage":"en-GB"},{"@type":"Organization","@id":"https:\/\/vebiot.pl\/#organization","name":"Vebiot - zadbaj o zdrowie swojego pupila","url":"https:\/\/vebiot.pl\/","logo":{"@type":"ImageObject","inLanguage":"en-GB","@id":"https:\/\/vebiot.pl\/#\/schema\/logo\/image\/","url":"https:\/\/vebiot.pl\/wp-content\/uploads\/2023\/05\/logo_vebiot_niebieskie.png","contentUrl":"https:\/\/vebiot.pl\/wp-content\/uploads\/2023\/05\/logo_vebiot_niebieskie.png","width":479,"height":110,"caption":"Vebiot - zadbaj o zdrowie swojego pupila"},"image":{"@id":"https:\/\/vebiot.pl\/#\/schema\/logo\/image\/"},"sameAs":["https:\/\/www.facebook.com\/vebiot","https:\/\/www.instagram.com\/vebiot_official\/","https:\/\/www.youtube.com\/channel\/UCBVg1YsHz8NGtchHnOqXDfw","https:\/\/www.tiktok.com\/@vebiot"]}]}},"_links":{"self":[{"href":"https:\/\/vebiot.pl\/en\/wp-json\/wp\/v2\/pages\/20680","targetHints":{"allow":["GET"]}}],"collection":[{"href":"https:\/\/vebiot.pl\/en\/wp-json\/wp\/v2\/pages"}],"about":[{"href":"https:\/\/vebiot.pl\/en\/wp-json\/wp\/v2\/types\/page"}],"author":[{"embeddable":true,"href":"https:\/\/vebiot.pl\/en\/wp-json\/wp\/v2\/users\/2"}],"replies":[{"embeddable":true,"href":"https:\/\/vebiot.pl\/en\/wp-json\/wp\/v2\/comments?post=20680"}],"version-history":[{"count":28,"href":"https:\/\/vebiot.pl\/en\/wp-json\/wp\/v2\/pages\/20680\/revisions"}],"predecessor-version":[{"id":21150,"href":"https:\/\/vebiot.pl\/en\/wp-json\/wp\/v2\/pages\/20680\/revisions\/21150"}],"wp:attachment":[{"href":"https:\/\/vebiot.pl\/en\/wp-json\/wp\/v2\/media?parent=20680"}],"curies":[{"name":"wp","href":"https:\/\/api.w.org\/{rel}","templated":true}]}}