{"id":1855,"date":"2020-10-23T02:03:42","date_gmt":"2020-10-23T02:03:42","guid":{"rendered":"https:\/\/demo2wpopal.b-cdn.net\/smartic\/?page_id=1855"},"modified":"2026-01-07T10:58:00","modified_gmt":"2026-01-07T09:58:00","slug":"kontakt","status":"publish","type":"page","link":"https:\/\/vebiot.pl\/en\/kontakt\/","title":{"rendered":"Kontakt"},"content":{"rendered":"<div data-elementor-type=\"wp-page\" data-elementor-id=\"1855\" class=\"elementor elementor-1855\">\n\t\t\t\t\t\t<div class=\"elementor-section elementor-top-section elementor-element elementor-element-4ee4b77 elementor-section-stretched elementor-section-boxed elementor-section-height-default elementor-section-height-default\" data-id=\"4ee4b77\" data-element_type=\"section\" data-settings=\"{&quot;stretch_section&quot;:&quot;section-stretched&quot;,&quot;background_background&quot;:&quot;classic&quot;}\">\n\t\t\t\t\t\t<div class=\"elementor-container elementor-column-gap-no\">\n\t\t\t\t\t<div class=\"elementor-column elementor-col-100 elementor-top-column elementor-element elementor-element-c868418\" data-id=\"c868418\" data-element_type=\"column\">\n\t\t\t<div class=\"elementor-widget-wrap elementor-element-populated\">\n\t\t\t\t\t\t<div class=\"elementor-element elementor-element-ac015c5 elementor-widget elementor-widget-heading\" data-id=\"ac015c5\" data-element_type=\"widget\" data-widget_type=\"heading.default\">\n\t\t\t\t<div class=\"elementor-widget-container\">\n\t\t\t<h2 class=\"elementor-heading-title elementor-size-default\"> Contact with Us<\/h2>\t\t<\/div>\n\t\t\t\t<\/div>\n\t\t\t\t<div class=\"elementor-element elementor-element-678ca20 elementor-widget__width-initial elementor-widget elementor-widget-text-editor\" data-id=\"678ca20\" data-element_type=\"widget\" data-widget_type=\"text-editor.default\">\n\t\t\t\t<div class=\"elementor-widget-container\">\n\t\t\t\t\t\t\t<p>Masz pytanie lub potrzebujesz pomocy? Daj nam o tym zna\u0107. Jeste\u015bmy tu dla Ciebie!<\/p>\t\t\t\t\t\t<\/div>\n\t\t\t\t<\/div>\n\t\t\t\t\t<\/div>\n\t\t<\/div>\n\t\t\t\t\t<\/div>\n\t\t<\/div>\n\t\t\t\t<div class=\"elementor-section elementor-top-section elementor-element elementor-element-3295cffe elementor-section-stretched elementor-section-boxed elementor-section-height-default elementor-section-height-default\" data-id=\"3295cffe\" data-element_type=\"section\" data-settings=\"{&quot;stretch_section&quot;:&quot;section-stretched&quot;}\">\n\t\t\t\t\t\t<div class=\"elementor-container elementor-column-gap-no\">\n\t\t\t\t\t<div class=\"elementor-column elementor-col-50 elementor-top-column elementor-element elementor-element-c125d5b\" data-id=\"c125d5b\" data-element_type=\"column\">\n\t\t\t<div class=\"elementor-widget-wrap elementor-element-populated\">\n\t\t\t\t\t\t<div class=\"elementor-element elementor-element-45c44027 elementor-widget elementor-widget-heading\" data-id=\"45c44027\" data-element_type=\"widget\" data-widget_type=\"heading.default\">\n\t\t\t\t<div class=\"elementor-widget-container\">\n\t\t\t<h2 class=\"elementor-heading-title elementor-size-default\">Zadzwo\u0144 do nas lub wy\u015blij maila. Ch\u0119tnie odpowiemy na Twoje pytania.<\/h2>\t\t<\/div>\n\t\t\t\t<\/div>\n\t\t\t\t<div class=\"elementor-section elementor-inner-section elementor-element elementor-element-34f03783 elementor-section-content-middle elementor-section-boxed elementor-section-height-default elementor-section-height-default\" data-id=\"34f03783\" data-element_type=\"section\">\n\t\t\t\t\t\t<div class=\"elementor-container elementor-column-gap-no\">\n\t\t\t\t\t<div class=\"elementor-column elementor-col-100 elementor-inner-column elementor-element elementor-element-77b444be\" data-id=\"77b444be\" data-element_type=\"column\">\n\t\t\t<div class=\"elementor-widget-wrap elementor-element-populated\">\n\t\t\t\t\t\t<div class=\"elementor-element elementor-element-4aa8a7ab elementor-widget__width-initial elementor-view-default elementor-widget elementor-widget-icon\" data-id=\"4aa8a7ab\" data-element_type=\"widget\" data-widget_type=\"icon.default\">\n\t\t\t\t<div class=\"elementor-widget-container\">\n\t\t\t\t\t<div class=\"elementor-icon-wrapper\">\n\t\t\t<a class=\"elementor-icon\" href=\"https:\/\/www.google.com\/maps\/dir\/\/Vebiot,+Pustynia+84+G,+39-200+D%C4%99bica\/@50.0745106,21.4644494,17z\/data=!4m9!4m8!1m0!1m5!1m1!1s0x473d09a1da202d09:0xecfd0194bdf2d248!2m2!1d21.4666381!2d50.0745106!3e0\">\n\t\t\t<i aria-hidden=\"true\" class=\"smartic-icon- smartic-icon-map-marker\"><\/i>\t\t\t<\/a>\n\t\t<\/div>\n\t\t\t\t<\/div>\n\t\t\t\t<\/div>\n\t\t\t\t<div class=\"elementor-element elementor-element-78f1fd02 elementor-widget__width-auto elementor-widget elementor-widget-text-editor\" data-id=\"78f1fd02\" data-element_type=\"widget\" data-widget_type=\"text-editor.default\">\n\t\t\t\t<div class=\"elementor-widget-container\">\n\t\t\t\t\t\t\t<p><a href=\"https:\/\/www.google.com\/maps\/dir\/\/Vebiot,+Pustynia+84+G,+39-200+D%C4%99bica\/@50.0745106,21.4644494,17z\/data=!4m9!4m8!1m0!1m5!1m1!1s0x473d09a1da202d09:0xecfd0194bdf2d248!2m2!1d21.4666381!2d50.0745106!3e0\">Nutrifarm Sp. z o.o.<br \/>Pustynia 84G<br \/>39-200 D\u0119bica<\/a><\/p>\t\t\t\t\t\t<\/div>\n\t\t\t\t<\/div>\n\t\t\t\t\t<\/div>\n\t\t<\/div>\n\t\t\t\t\t<\/div>\n\t\t<\/div>\n\t\t\t\t<div class=\"elementor-section elementor-inner-section elementor-element elementor-element-3264aeb3 elementor-section-content-middle elementor-section-boxed elementor-section-height-default elementor-section-height-default\" data-id=\"3264aeb3\" data-element_type=\"section\">\n\t\t\t\t\t\t<div class=\"elementor-container elementor-column-gap-no\">\n\t\t\t\t\t<div class=\"elementor-column elementor-col-100 elementor-inner-column elementor-element elementor-element-4844f468\" data-id=\"4844f468\" data-element_type=\"column\">\n\t\t\t<div class=\"elementor-widget-wrap elementor-element-populated\">\n\t\t\t\t\t\t<div class=\"elementor-element elementor-element-3ddeedeb elementor-widget__width-initial elementor-view-default elementor-widget elementor-widget-icon\" data-id=\"3ddeedeb\" data-element_type=\"widget\" data-widget_type=\"icon.default\">\n\t\t\t\t<div class=\"elementor-widget-container\">\n\t\t\t\t\t<div class=\"elementor-icon-wrapper\">\n\t\t\t<a class=\"elementor-icon\" href=\"tel:+48801411100\">\n\t\t\t<i aria-hidden=\"true\" class=\"smartic-icon- smartic-icon-phone-3\"><\/i>\t\t\t<\/a>\n\t\t<\/div>\n\t\t\t\t<\/div>\n\t\t\t\t<\/div>\n\t\t\t\t<div class=\"elementor-element elementor-element-489ce310 elementor-widget__width-auto elementor-widget elementor-widget-text-editor\" data-id=\"489ce310\" data-element_type=\"widget\" data-widget_type=\"text-editor.default\">\n\t\t\t\t<div class=\"elementor-widget-container\">\n\t\t\t\t\t\t\t<a href=\"tel:+48801411100\">+48 801 411 100<\/a>\t\t\t\t\t\t<\/div>\n\t\t\t\t<\/div>\n\t\t\t\t\t<\/div>\n\t\t<\/div>\n\t\t\t\t\t<\/div>\n\t\t<\/div>\n\t\t\t\t<div class=\"elementor-section elementor-inner-section elementor-element elementor-element-1379aaf elementor-section-content-middle elementor-section-boxed elementor-section-height-default elementor-section-height-default\" data-id=\"1379aaf\" data-element_type=\"section\">\n\t\t\t\t\t\t<div class=\"elementor-container elementor-column-gap-no\">\n\t\t\t\t\t<div class=\"elementor-column elementor-col-100 elementor-inner-column elementor-element elementor-element-19cd8d86\" data-id=\"19cd8d86\" data-element_type=\"column\">\n\t\t\t<div class=\"elementor-widget-wrap elementor-element-populated\">\n\t\t\t\t\t\t<div class=\"elementor-element elementor-element-30547923 elementor-widget__width-initial elementor-view-default elementor-widget elementor-widget-icon\" data-id=\"30547923\" data-element_type=\"widget\" data-widget_type=\"icon.default\">\n\t\t\t\t<div class=\"elementor-widget-container\">\n\t\t\t\t\t<div class=\"elementor-icon-wrapper\">\n\t\t\t<a class=\"elementor-icon\" href=\"mailto:sklep@vebiot.pl\">\n\t\t\t<i aria-hidden=\"true\" class=\"smartic-icon- smartic-icon-mail\"><\/i>\t\t\t<\/a>\n\t\t<\/div>\n\t\t\t\t<\/div>\n\t\t\t\t<\/div>\n\t\t\t\t<div class=\"elementor-element elementor-element-1670b14a elementor-widget__width-auto elementor-widget elementor-widget-text-editor\" data-id=\"1670b14a\" data-element_type=\"widget\" data-widget_type=\"text-editor.default\">\n\t\t\t\t<div class=\"elementor-widget-container\">\n\t\t\t\t\t\t\t<a href=\"mailto:kontakt@vebiot.pl\">kontakt@vebiot.pl<\/a>\t\t\t\t\t\t<\/div>\n\t\t\t\t<\/div>\n\t\t\t\t\t<\/div>\n\t\t<\/div>\n\t\t\t\t\t<\/div>\n\t\t<\/div>\n\t\t\t\t\t<\/div>\n\t\t<\/div>\n\t\t\t\t<div class=\"elementor-column elementor-col-50 elementor-top-column elementor-element elementor-element-5c812aad\" data-id=\"5c812aad\" data-element_type=\"column\">\n\t\t\t<div class=\"elementor-widget-wrap elementor-element-populated\">\n\t\t\t\t\t\t<div class=\"elementor-element elementor-element-61d087bf elementor-widget elementor-widget-text-editor\" data-id=\"61d087bf\" data-element_type=\"widget\" data-widget_type=\"text-editor.default\">\n\t\t\t\t<div class=\"elementor-widget-container\">\n\t\t\t\t\t\t\t\t\t\t\t\t\t<\/div>\n\t\t\t\t<\/div>\n\t\t\t\t<div class=\"elementor-element elementor-element-65ddd398 elementor-button-align-start elementor-mobile-button-align-center elementor-widget elementor-widget-form\" data-id=\"65ddd398\" data-element_type=\"widget\" data-settings=\"{&quot;step_next_label&quot;:&quot;Next&quot;,&quot;step_previous_label&quot;:&quot;Previous&quot;,&quot;button_width&quot;:&quot;100&quot;,&quot;step_type&quot;:&quot;number_text&quot;,&quot;step_icon_shape&quot;:&quot;circle&quot;}\" data-widget_type=\"form.default\">\n\t\t\t\t<div class=\"elementor-widget-container\">\n\t\t\t\t\t<form class=\"elementor-form\" method=\"post\" name=\"New Form\" action=\"\">\n\t\t\t<input type=\"hidden\" name=\"post_id\" value=\"1855\"\/>\n\t\t\t<input type=\"hidden\" name=\"form_id\" value=\"65ddd398\"\/>\n\t\t\t<input type=\"hidden\" name=\"referer_title\" value=\"Vebiot &#8211; zadbaj o zdrowie swojego pupila\" \/>\n\n\t\t\t\n\t\t\t<div class=\"elementor-form-fields-wrapper elementor-labels-above\">\n\t\t\t\t\t\t\t\t<div class=\"elementor-field-type-email elementor-field-group elementor-column elementor-field-group-email elementor-col-100 elementor-field-required elementor-mark-required\">\n\t\t\t\t\t\t\t\t\t\t\t\t\t<input size=\"1\" type=\"email\" name=\"form_fields[email]\" id=\"form-field-email\" class=\"elementor-field elementor-size-sm  elementor-field-textual\" placeholder=\"Adres e-mail*\" required=\"required\" aria-required=\"true\">\n\t\t\t\t\t\t\t\t\t\t\t<\/div>\n\t\t\t\t\t\t\t\t<div class=\"elementor-field-type-textarea elementor-field-group elementor-column elementor-field-group-field_5e54900 elementor-col-100 elementor-field-required elementor-mark-required\">\n\t\t\t\t\t<textarea class=\"elementor-field-textual elementor-field  elementor-size-sm\" name=\"form_fields[field_5e54900]\" id=\"form-field-field_5e54900\" rows=\"5\" placeholder=\"Tre\u015b\u0107*\" required=\"required\" aria-required=\"true\"><\/textarea>\t\t\t\t<\/div>\n\t\t\t\t\t\t\t\t<div class=\"elementor-field-type-recaptcha_v3 elementor-field-group elementor-column elementor-field-group-field_cfba500 elementor-col-100 recaptcha_v3-bottomleft\">\n\t\t\t\t\t<div class=\"elementor-field\" id=\"form-field-field_cfba500\"><div class=\"elementor-g-recaptcha\" data-sitekey=\"6LfyWPIpAAAAAEFySuNI9SM-y13WwbdbmLEWjxm_\" data-type=\"v3\" data-action=\"Form\" data-badge=\"bottomleft\" data-size=\"invisible\"><\/div><\/div>\t\t\t\t<\/div>\n\t\t\t\t\t\t\t\t<div class=\"elementor-field-group elementor-column elementor-field-type-submit elementor-col-100 e-form__buttons\">\n\t\t\t\t\t<button type=\"submit\" class=\"elementor-button elementor-size-sm\">\n\t\t\t\t\t\t<span >\n\t\t\t\t\t\t\t\t\t\t\t\t\t\t\t<span class=\"elementor-button-icon\">\n\t\t\t\t\t\t\t\t\t\t\t\t\t\t\t\t\t\t\t\t\t\t\t\t\t\t<\/span>\n\t\t\t\t\t\t\t\t\t\t\t\t\t\t\t\t\t\t\t\t\t\t<span class=\"elementor-button-text\">Wy\u015blij<\/span>\n\t\t\t\t\t\t\t\t\t\t\t\t\t<\/span>\n\t\t\t\t\t<\/button>\n\t\t\t\t<\/div>\n\t\t\t<\/div>\n\t\t<input type=\"hidden\" name=\"trp-form-language\" value=\"en\"\/><\/form>\n\t\t\t\t<\/div>\n\t\t\t\t<\/div>\n\t\t\t\t\t<\/div>\n\t\t<\/div>\n\t\t\t\t\t<\/div>\n\t\t<\/div>\n\t\t\t\t<section class=\"elementor-section elementor-top-section elementor-element elementor-element-b353daf elementor-section-boxed elementor-section-height-default elementor-section-height-default\" data-id=\"b353daf\" data-element_type=\"section\">\n\t\t\t\t\t\t<div class=\"elementor-container elementor-column-gap-default\">\n\t\t\t\t\t<div class=\"elementor-column elementor-col-100 elementor-top-column elementor-element elementor-element-ca6fdc7\" data-id=\"ca6fdc7\" data-element_type=\"column\">\n\t\t\t<div class=\"elementor-widget-wrap elementor-element-populated\">\n\t\t\t\t\t\t<div class=\"elementor-element elementor-element-3125c57 elementor-widget elementor-widget-text-editor\" data-id=\"3125c57\" data-element_type=\"widget\" data-widget_type=\"text-editor.default\">\n\t\t\t\t<div class=\"elementor-widget-container\">\n\t\t\t\t\t\t\t<p style=\"text-align: center;\"><div id=\"footable_parent_19824\"\n         class=\"footable_parent ninja_table_wrapper loading_ninja_table wp_table_data_press_parent semantic_ui\">\n                    <h3 class=\"table_title footable_title\">Kontakt do Konsultant\u00f3w Medycznych<\/h3>\n                        <table data-ninja_table_instance=\"ninja_table_instance_0\" data-footable_id=\"19824\" data-filter-delay=\"1000\" aria-label=\"Kontakt do Konsultant\u00f3w Medycznych\"            id=\"footable_19824\"\n           data-unique_identifier=\"ninja_table_unique_id_2731191577_19824\"\n           class=\"foo-table ninja_footable foo_table_19824 ninja_table_unique_id_2731191577_19824 ui table  nt_type_ajax_table selectable striped compact vertical_centered  footable-paging-right\">\n                <colgroup>\n                            <col class=\"ninja_column_0\">\n                            <col class=\"ninja_column_1\">\n                            <col class=\"ninja_column_2\">\n                    <\/colgroup>\n            <\/table>\n    \n    \n    \n<\/div>\n<\/p>\t\t\t\t\t\t<\/div>\n\t\t\t\t<\/div>\n\t\t\t\t\t<\/div>\n\t\t<\/div>\n\t\t\t\t\t<\/div>\n\t\t<\/section>\n\t\t\t\t<div class=\"elementor-section elementor-top-section elementor-element elementor-element-101a83d8 elementor-section-full_width elementor-section-stretched elementor-section-height-default elementor-section-height-default\" data-id=\"101a83d8\" data-element_type=\"section\" data-settings=\"{&quot;stretch_section&quot;:&quot;section-stretched&quot;}\">\n\t\t\t\t\t\t<div class=\"elementor-container elementor-column-gap-no\">\n\t\t\t\t\t<div class=\"elementor-column elementor-col-100 elementor-top-column elementor-element elementor-element-cc61b9a\" data-id=\"cc61b9a\" data-element_type=\"column\">\n\t\t\t<div class=\"elementor-widget-wrap elementor-element-populated\">\n\t\t\t\t\t\t<div class=\"elementor-element elementor-element-765f8fbd elementor-widget elementor-widget-google_maps\" data-id=\"765f8fbd\" data-element_type=\"widget\" data-widget_type=\"google_maps.default\">\n\t\t\t\t<div class=\"elementor-widget-container\">\n\t\t\t\t\t<div class=\"elementor-custom-embed\">\n\t\t\t<iframe loading=\"lazy\"\n\t\t\t\t\tsrc=\"https:\/\/www.google.com\/maps\/embed\/v1\/place?key=AIzaSyD1BAIy-SPUAHIqLWDkNBnEj83NqYrNask&#038;q=vebiot%20nutrifarm&#038;zoom=12\"\n\t\t\t\t\ttitle=\"vebiot nutrifarm\"\n\t\t\t\t\taria-label=\"vebiot nutrifarm\"\n\t\t\t><\/iframe>\n\t\t<\/div>\n\t\t\t\t<\/div>\n\t\t\t\t<\/div>\n\t\t\t\t\t<\/div>\n\t\t<\/div>\n\t\t\t\t\t<\/div>\n\t\t<\/div>\n\t\t\t\t<\/div>","protected":false},"excerpt":{"rendered":"<p>Skontaktuj si\u0119 z nami Masz pytanie lub potrzebujesz pomocy? Daj nam o tym zna\u0107. Jeste\u015bmy tu dla Ciebie! Zadzwo\u0144 do nas lub wy\u015blij maila. Ch\u0119tnie odpowiemy na Twoje pytania. Nutrifarm Sp. z o.o.Pustynia 84G39-200 D\u0119bica +48 801 411 100 kontakt@vebiot.pl<\/p>","protected":false},"author":1,"featured_media":0,"parent":0,"menu_order":0,"comment_status":"closed","ping_status":"closed","template":"template-homepage.php","meta":{"inline_featured_image":false,"footnotes":""},"class_list":["post-1855","page","type-page","status-publish","hentry"],"yoast_head":"<!-- This site is optimized with the Yoast SEO plugin v26.4 - https:\/\/yoast.com\/wordpress\/plugins\/seo\/ -->\n<title>Kontakt - Vebiot - zadbaj o zdrowie swojego pupila<\/title>\n<meta name=\"robots\" content=\"index, follow, max-snippet:-1, max-image-preview:large, max-video-preview:-1\" \/>\n<link rel=\"canonical\" href=\"https:\/\/vebiot.pl\/en\/kontakt\/\" \/>\n<meta property=\"og:locale\" content=\"en_GB\" \/>\n<meta property=\"og:type\" content=\"article\" \/>\n<meta property=\"og:title\" content=\"Kontakt - Vebiot - zadbaj o zdrowie swojego pupila\" \/>\n<meta property=\"og:description\" content=\"Skontaktuj si\u0119 z nami Masz pytanie lub potrzebujesz pomocy? Daj nam o tym zna\u0107. Jeste\u015bmy tu dla Ciebie! Zadzwo\u0144 do nas lub wy\u015blij maila. Ch\u0119tnie odpowiemy na Twoje pytania. Nutrifarm Sp. z o.o.Pustynia 84G39-200 D\u0119bica +48 801 411 100 kontakt@vebiot.pl\" \/>\n<meta property=\"og:url\" content=\"https:\/\/vebiot.pl\/en\/kontakt\/\" \/>\n<meta property=\"og:site_name\" content=\"Vebiot - zadbaj o zdrowie swojego pupila\" \/>\n<meta property=\"article:publisher\" content=\"https:\/\/www.facebook.com\/vebiot\" \/>\n<meta property=\"article:modified_time\" content=\"2026-01-07T09:58:00+00:00\" \/>\n<meta name=\"twitter:card\" content=\"summary_large_image\" \/>\n<meta name=\"twitter:label1\" content=\"Estimated reading time\" \/>\n\t<meta name=\"twitter:data1\" content=\"1 minute\" \/>\n<script type=\"application\/ld+json\" class=\"yoast-schema-graph\">{\"@context\":\"https:\/\/schema.org\",\"@graph\":[{\"@type\":\"WebPage\",\"@id\":\"https:\/\/vebiot.pl\/kontakt\/\",\"url\":\"https:\/\/vebiot.pl\/kontakt\/\",\"name\":\"Kontakt - Vebiot - zadbaj o zdrowie swojego pupila\",\"isPartOf\":{\"@id\":\"https:\/\/vebiot.pl\/#website\"},\"datePublished\":\"2020-10-23T02:03:42+00:00\",\"dateModified\":\"2026-01-07T09:58:00+00:00\",\"breadcrumb\":{\"@id\":\"https:\/\/vebiot.pl\/kontakt\/#breadcrumb\"},\"inLanguage\":\"en-GB\",\"potentialAction\":[{\"@type\":\"ReadAction\",\"target\":[\"https:\/\/vebiot.pl\/kontakt\/\"]}]},{\"@type\":\"BreadcrumbList\",\"@id\":\"https:\/\/vebiot.pl\/kontakt\/#breadcrumb\",\"itemListElement\":[{\"@type\":\"ListItem\",\"position\":1,\"name\":\"Home\",\"item\":\"https:\/\/vebiot.pl\/\"},{\"@type\":\"ListItem\",\"position\":2,\"name\":\"Kontakt\"}]},{\"@type\":\"WebSite\",\"@id\":\"https:\/\/vebiot.pl\/#website\",\"url\":\"https:\/\/vebiot.pl\/\",\"name\":\"Vebiot - zadbaj o zdrowie swojego pupila\",\"description\":\"Marka Vebiot nale\u017c\u0105ca do grupy Olimp-Nutrifarm to specjalistyczna linia preparat\u00f3w weterynaryjnych.  Produkty Vebiot wspieraj\u0105 zdrowie Twojego pupila na ka\u017cdym etapie jego rozwoju.\",\"publisher\":{\"@id\":\"https:\/\/vebiot.pl\/#organization\"},\"potentialAction\":[{\"@type\":\"SearchAction\",\"target\":{\"@type\":\"EntryPoint\",\"urlTemplate\":\"https:\/\/vebiot.pl\/?s={search_term_string}\"},\"query-input\":{\"@type\":\"PropertyValueSpecification\",\"valueRequired\":true,\"valueName\":\"search_term_string\"}}],\"inLanguage\":\"en-GB\"},{\"@type\":\"Organization\",\"@id\":\"https:\/\/vebiot.pl\/#organization\",\"name\":\"Vebiot - zadbaj o zdrowie swojego pupila\",\"url\":\"https:\/\/vebiot.pl\/\",\"logo\":{\"@type\":\"ImageObject\",\"inLanguage\":\"en-GB\",\"@id\":\"https:\/\/vebiot.pl\/#\/schema\/logo\/image\/\",\"url\":\"https:\/\/vebiot.pl\/wp-content\/uploads\/2023\/05\/logo_vebiot_niebieskie.png\",\"contentUrl\":\"https:\/\/vebiot.pl\/wp-content\/uploads\/2023\/05\/logo_vebiot_niebieskie.png\",\"width\":479,\"height\":110,\"caption\":\"Vebiot - zadbaj o zdrowie swojego pupila\"},\"image\":{\"@id\":\"https:\/\/vebiot.pl\/#\/schema\/logo\/image\/\"},\"sameAs\":[\"https:\/\/www.facebook.com\/vebiot\",\"https:\/\/www.instagram.com\/vebiot_official\/\",\"https:\/\/www.youtube.com\/channel\/UCBVg1YsHz8NGtchHnOqXDfw\",\"https:\/\/www.tiktok.com\/@vebiot\"]}]}<\/script>\n<!-- \/ Yoast SEO plugin. -->","yoast_head_json":{"title":"Kontakt - Vebiot - zadbaj o zdrowie swojego pupila","robots":{"index":"index","follow":"follow","max-snippet":"max-snippet:-1","max-image-preview":"max-image-preview:large","max-video-preview":"max-video-preview:-1"},"canonical":"https:\/\/vebiot.pl\/en\/kontakt\/","og_locale":"en_GB","og_type":"article","og_title":"Kontakt - Vebiot - zadbaj o zdrowie swojego pupila","og_description":"Skontaktuj si\u0119 z nami Masz pytanie lub potrzebujesz pomocy? Daj nam o tym zna\u0107. Jeste\u015bmy tu dla Ciebie! Zadzwo\u0144 do nas lub wy\u015blij maila. Ch\u0119tnie odpowiemy na Twoje pytania. Nutrifarm Sp. z o.o.Pustynia 84G39-200 D\u0119bica +48 801 411 100 kontakt@vebiot.pl","og_url":"https:\/\/vebiot.pl\/en\/kontakt\/","og_site_name":"Vebiot - zadbaj o zdrowie swojego pupila","article_publisher":"https:\/\/www.facebook.com\/vebiot","article_modified_time":"2026-01-07T09:58:00+00:00","twitter_card":"summary_large_image","twitter_misc":{"Estimated reading time":"1 minute"},"schema":{"@context":"https:\/\/schema.org","@graph":[{"@type":"WebPage","@id":"https:\/\/vebiot.pl\/kontakt\/","url":"https:\/\/vebiot.pl\/kontakt\/","name":"Kontakt - Vebiot - zadbaj o zdrowie swojego pupila","isPartOf":{"@id":"https:\/\/vebiot.pl\/#website"},"datePublished":"2020-10-23T02:03:42+00:00","dateModified":"2026-01-07T09:58:00+00:00","breadcrumb":{"@id":"https:\/\/vebiot.pl\/kontakt\/#breadcrumb"},"inLanguage":"en-GB","potentialAction":[{"@type":"ReadAction","target":["https:\/\/vebiot.pl\/kontakt\/"]}]},{"@type":"BreadcrumbList","@id":"https:\/\/vebiot.pl\/kontakt\/#breadcrumb","itemListElement":[{"@type":"ListItem","position":1,"name":"Home","item":"https:\/\/vebiot.pl\/"},{"@type":"ListItem","position":2,"name":"Kontakt"}]},{"@type":"WebSite","@id":"https:\/\/vebiot.pl\/#website","url":"https:\/\/vebiot.pl\/","name":"Vebiot - zadbaj o zdrowie swojego pupila","description":"Marka Vebiot nale\u017c\u0105ca do grupy Olimp-Nutrifarm to specjalistyczna linia preparat\u00f3w weterynaryjnych.  Produkty Vebiot wspieraj\u0105 zdrowie Twojego pupila na ka\u017cdym etapie jego rozwoju.","publisher":{"@id":"https:\/\/vebiot.pl\/#organization"},"potentialAction":[{"@type":"SearchAction","target":{"@type":"EntryPoint","urlTemplate":"https:\/\/vebiot.pl\/?s={search_term_string}"},"query-input":{"@type":"PropertyValueSpecification","valueRequired":true,"valueName":"search_term_string"}}],"inLanguage":"en-GB"},{"@type":"Organization","@id":"https:\/\/vebiot.pl\/#organization","name":"Vebiot - zadbaj o zdrowie swojego pupila","url":"https:\/\/vebiot.pl\/","logo":{"@type":"ImageObject","inLanguage":"en-GB","@id":"https:\/\/vebiot.pl\/#\/schema\/logo\/image\/","url":"https:\/\/vebiot.pl\/wp-content\/uploads\/2023\/05\/logo_vebiot_niebieskie.png","contentUrl":"https:\/\/vebiot.pl\/wp-content\/uploads\/2023\/05\/logo_vebiot_niebieskie.png","width":479,"height":110,"caption":"Vebiot - zadbaj o zdrowie swojego pupila"},"image":{"@id":"https:\/\/vebiot.pl\/#\/schema\/logo\/image\/"},"sameAs":["https:\/\/www.facebook.com\/vebiot","https:\/\/www.instagram.com\/vebiot_official\/","https:\/\/www.youtube.com\/channel\/UCBVg1YsHz8NGtchHnOqXDfw","https:\/\/www.tiktok.com\/@vebiot"]}]}},"_links":{"self":[{"href":"https:\/\/vebiot.pl\/en\/wp-json\/wp\/v2\/pages\/1855","targetHints":{"allow":["GET"]}}],"collection":[{"href":"https:\/\/vebiot.pl\/en\/wp-json\/wp\/v2\/pages"}],"about":[{"href":"https:\/\/vebiot.pl\/en\/wp-json\/wp\/v2\/types\/page"}],"author":[{"embeddable":true,"href":"https:\/\/vebiot.pl\/en\/wp-json\/wp\/v2\/users\/1"}],"replies":[{"embeddable":true,"href":"https:\/\/vebiot.pl\/en\/wp-json\/wp\/v2\/comments?post=1855"}],"version-history":[{"count":193,"href":"https:\/\/vebiot.pl\/en\/wp-json\/wp\/v2\/pages\/1855\/revisions"}],"predecessor-version":[{"id":26999,"href":"https:\/\/vebiot.pl\/en\/wp-json\/wp\/v2\/pages\/1855\/revisions\/26999"}],"wp:attachment":[{"href":"https:\/\/vebiot.pl\/en\/wp-json\/wp\/v2\/media?parent=1855"}],"curies":[{"name":"wp","href":"https:\/\/api.w.org\/{rel}","templated":true}]}}